{"id":7407,"date":"2019-04-02T08:29:28","date_gmt":"2019-04-02T07:29:28","guid":{"rendered":"https:\/\/orthorehasuisse.ch\/?page_id=7407\/"},"modified":"2026-03-18T07:44:01","modified_gmt":"2026-03-18T06:44:01","slug":"tarif-produits-finis","status":"publish","type":"page","link":"https:\/\/orthorehasuisse.ch\/fr\/tarif-produits-finis\/","title":{"rendered":"Tarif produits finis"},"content":{"rendered":"[et_pb_section fb_built=\u00a0\u00bb1&Prime; custom_padding_last_edited=\u00a0\u00bbon|phone\u00a0\u00bb _builder_version=\u00a0\u00bb4.21.0&Prime; _module_preset=\u00a0\u00bbdefault\u00a0\u00bb use_background_color_gradient=\u00a0\u00bbon\u00a0\u00bb background_color_gradient_direction=\u00a0\u00bb90deg\u00a0\u00bb background_color_gradient_stops=\u00a0\u00bbrgba(216,216,216,0.75) 0%|rgba(41,196,169,0) 100%\u00a0\u00bb background_color_gradient_overlays_image=\u00a0\u00bbon\u00a0\u00bb background_image=\u00a0\u00bbhttps:\/\/orthorehasuisse.ch\/wp-content\/uploads\/2023\/06\/20ORS.jpg\u00a0\u00bb background_position=\u00a0\u00bbbottom_center\u00a0\u00bb background_vertical_offset=\u00a0\u00bb10%\u00a0\u00bb custom_padding=\u00a0\u00bb12vh||12vh||true|false\u00a0\u00bb custom_padding_tablet=\u00a0\u00bb150px||150px||true|false\u00a0\u00bb custom_padding_phone=\u00a0\u00bb100px||100px||true|false\u00a0\u00bb locked=\u00a0\u00bboff\u00a0\u00bb global_colors_info=\u00a0\u00bb{}\u00a0\u00bb][et_pb_row use_custom_gutter=\u00a0\u00bbon\u00a0\u00bb gutter_width=\u00a0\u00bb2&Prime; make_equal=\u00a0\u00bbon\u00a0\u00bb _builder_version=\u00a0\u00bb4.20.2&Prime; _module_preset=\u00a0\u00bbf4cf7bb6-e7dc-4aa2-b92b-da48402eecb0&Prime; custom_padding=\u00a0\u00bb0px||0px||true|false\u00a0\u00bb animation_direction=\u00a0\u00bbtop\u00a0\u00bb global_colors_info=\u00a0\u00bb{}\u00a0\u00bb][et_pb_column type=\u00a0\u00bb4_4&Prime; _builder_version=\u00a0\u00bb4.20.2&Prime; _module_preset=\u00a0\u00bbdefault\u00a0\u00bb global_colors_info=\u00a0\u00bb{}\u00a0\u00bb][et_pb_text _builder_version=\u00a0\u00bb4.21.0&Prime; _module_preset=\u00a0\u00bbdefault\u00a0\u00bb header_font_size=\u00a0\u00bb80px\u00a0\u00bb animation_style=\u00a0\u00bbslide\u00a0\u00bb animation_direction=\u00a0\u00bbleft\u00a0\u00bb header_font_size_tablet=\u00a0\u00bb60px\u00a0\u00bb header_font_size_phone=\u00a0\u00bb45px\u00a0\u00bb header_font_size_last_edited=\u00a0\u00bbon|phone\u00a0\u00bb text_text_shadow_style=\u00a0\u00bbpreset3&Prime; text_text_shadow_blur_strength=\u00a0\u00bb2em\u00a0\u00bb global_colors_info=\u00a0\u00bb{}\u00a0\u00bb]\n<div class=\"grid-row clearfix\">\n<div class=\"grid-col grid-col-12\">\n<section class=\"cws-widget\">\n<section class=\"cws_widget_content\">\n<section class=\"page-title\">\n<div class=\"container clearfix\">\n<h1>Tarif produits finis<\/h1>\n<\/div>\n<\/section>\n<div class=\"page-content\">\n<div class=\"container\">\n<p><main><\/p>\n<div class=\"grid-row clearfix\">\n<div class=\"grid-col grid-col-12\">\n<section class=\"cws-widget\">\n<section class=\"cws_widget_content\">\n<p>&nbsp;<\/p>\n<div class=\"csc-header csc-header-n1\"><\/div>\n<\/section>\n<\/section>\n<\/div>\n<\/div>\n<p><\/main><\/div>\n<\/div>\n<\/section>\n<\/section>\n<\/div>\n<\/div>\n<div class=\"grid-row clearfix\">\n<div class=\"grid-col grid-col-12\">\n<section class=\"cws-widget\"><\/section>\n<\/div>\n<\/div>\n[\/et_pb_text][\/et_pb_column][\/et_pb_row][\/et_pb_section][et_pb_section fb_built=\u00a0\u00bb1&Prime; custom_padding_last_edited=\u00a0\u00bbon|phone\u00a0\u00bb _builder_version=\u00a0\u00bb4.21.0&Prime; _module_preset=\u00a0\u00bbdefault\u00a0\u00bb background_color=\u00a0\u00bb#00ABA5&Prime; custom_margin=\u00a0\u00bb||||false|false\u00a0\u00bb custom_padding=\u00a0\u00bb27px||99px||false|false\u00a0\u00bb custom_padding_tablet=\u00a0\u00bb27px||99px||false|false\u00a0\u00bb custom_padding_phone=\u00a0\u00bb0px||||false|false\u00a0\u00bb locked=\u00a0\u00bboff\u00a0\u00bb global_colors_info=\u00a0\u00bb{}\u00a0\u00bb][et_pb_row column_structure=\u00a0\u00bb2_3,1_3&Prime; use_custom_gutter=\u00a0\u00bbon\u00a0\u00bb gutter_width=\u00a0\u00bb2&Prime; make_equal=\u00a0\u00bbon\u00a0\u00bb disabled_on=\u00a0\u00bbon|on|off\u00a0\u00bb _builder_version=\u00a0\u00bb4.21.0&Prime; _module_preset=\u00a0\u00bbf4cf7bb6-e7dc-4aa2-b92b-da48402eecb0&Prime; custom_margin=\u00a0\u00bb-150px||||false|false\u00a0\u00bb custom_margin_tablet=\u00a0\u00bb-102px||||false|false\u00a0\u00bb custom_margin_phone=\u00a0\u00bb-80px||||false|false\u00a0\u00bb custom_margin_last_edited=\u00a0\u00bbon|phone\u00a0\u00bb custom_padding=\u00a0\u00bb0px||0px||true|false\u00a0\u00bb global_colors_info=\u00a0\u00bb{}\u00a0\u00bb][et_pb_column type=\u00a0\u00bb2_3&Prime; _builder_version=\u00a0\u00bb4.16&Prime; _module_preset=\u00a0\u00bbdefault\u00a0\u00bb global_colors_info=\u00a0\u00bb{}\u00a0\u00bb][\/et_pb_column][et_pb_column type=\u00a0\u00bb1_3&Prime; _builder_version=\u00a0\u00bb4.16&Prime; _module_preset=\u00a0\u00bbdefault\u00a0\u00bb global_colors_info=\u00a0\u00bb{}\u00a0\u00bb][et_pb_icon font_icon=\u00a0\u00bb&#xf193;||fa||900&Prime; icon_color=\u00a0\u00bb#00ABA5&Prime; _builder_version=\u00a0\u00bb4.21.0&Prime; _module_preset=\u00a0\u00bbdefault\u00a0\u00bb background_color=\u00a0\u00bb#FFFFFF\u00a0\u00bb custom_padding=\u00a0\u00bb50px|50px|50px|50px|true|true\u00a0\u00bb animation_style=\u00a0\u00bbslide\u00a0\u00bb animation_direction=\u00a0\u00bbright\u00a0\u00bb border_radii=\u00a0\u00bbon|30px|30px|30px|30px\u00a0\u00bb global_colors_info=\u00a0\u00bb{}\u00a0\u00bb][\/et_pb_icon][\/et_pb_column][\/et_pb_row][et_pb_row use_custom_gutter=\u00a0\u00bbon\u00a0\u00bb gutter_width=\u00a0\u00bb2&Prime; make_equal=\u00a0\u00bbon\u00a0\u00bb _builder_version=\u00a0\u00bb4.21.0&Prime; _module_preset=\u00a0\u00bbf4cf7bb6-e7dc-4aa2-b92b-da48402eecb0&Prime; custom_margin=\u00a0\u00bb||||false|false\u00a0\u00bb custom_padding=\u00a0\u00bb||0px||false|false\u00a0\u00bb global_colors_info=\u00a0\u00bb{}\u00a0\u00bb][et_pb_column type=\u00a0\u00bb4_4&Prime; _builder_version=\u00a0\u00bb4.16&Prime; _module_preset=\u00a0\u00bbdefault\u00a0\u00bb custom_padding_tablet=\u00a0\u00bb\u00a0\u00bb custom_padding_phone=\u00a0\u00bb50px||0px||false|false\u00a0\u00bb custom_padding_last_edited=\u00a0\u00bbon|phone\u00a0\u00bb animation_style=\u00a0\u00bbfade\u00a0\u00bb animation_delay=\u00a0\u00bb500ms\u00a0\u00bb animation_speed_curve=\u00a0\u00bbease\u00a0\u00bb global_colors_info=\u00a0\u00bb{}\u00a0\u00bb][et_pb_text _builder_version=\u00a0\u00bb4.22.1&Prime; _module_preset=\u00a0\u00bbdefault\u00a0\u00bb link_text_color=\u00a0\u00bb#FFFFFF\u00a0\u00bb background_layout=\u00a0\u00bbdark\u00a0\u00bb max_width_tablet=\u00a0\u00bb100%\u00a0\u00bb max_width_phone=\u00a0\u00bb\u00a0\u00bb max_width_last_edited=\u00a0\u00bbon|phone\u00a0\u00bb module_alignment=\u00a0\u00bbleft\u00a0\u00bb global_colors_info=\u00a0\u00bb{}\u00a0\u00bb]\n<p>Le nouvel accord sur la r\u00e9mun\u00e9ration des produits finis prend effet depuis le 1er janvier 2019.<\/p>\n[\/et_pb_text][\/et_pb_column][\/et_pb_row][\/et_pb_section][et_pb_section fb_built=\u00a0\u00bb1&Prime; _builder_version=\u00a0\u00bb4.21.0&Prime; _module_preset=\u00a0\u00bbdefault\u00a0\u00bb custom_padding=\u00a0\u00bb99px||120px||false|false\u00a0\u00bb locked=\u00a0\u00bboff\u00a0\u00bb global_colors_info=\u00a0\u00bb{}\u00a0\u00bb][et_pb_row admin_label=\u00a0\u00bbrow\u00a0\u00bb _builder_version=\u00a0\u00bb4.16&Prime; background_size=\u00a0\u00bbinitial\u00a0\u00bb background_position=\u00a0\u00bbtop_left\u00a0\u00bb background_repeat=\u00a0\u00bbrepeat\u00a0\u00bb global_colors_info=\u00a0\u00bb{}\u00a0\u00bb][et_pb_column type=\u00a0\u00bb4_4&Prime; _builder_version=\u00a0\u00bb4.16&Prime; custom_padding=\u00a0\u00bb|||\u00a0\u00bb global_colors_info=\u00a0\u00bb{}\u00a0\u00bb custom_padding__hover=\u00a0\u00bb|||\u00a0\u00bb][et_pb_text admin_label=\u00a0\u00bbText\u00a0\u00bb _builder_version=\u00a0\u00bb4.24.2&Prime; background_size=\u00a0\u00bbinitial\u00a0\u00bb background_position=\u00a0\u00bbtop_left\u00a0\u00bb background_repeat=\u00a0\u00bbrepeat\u00a0\u00bb hover_enabled=\u00a0\u00bb0&Prime; global_colors_info=\u00a0\u00bb{}\u00a0\u00bb sticky_enabled=\u00a0\u00bb0&Prime;]\n<p>L\u2019objectif de cet accord est de r\u00e9glementer la r\u00e9mun\u00e9ration des produits finis pour le secteur AA \/ AM \/ AI entre Ortho Reha Suisse (ORS) et la Commission des tarifs m\u00e9dicaux LAA (CTM), l\u2019assurance militaire (AM), repr\u00e9sent\u00e9e par la Suva, division assurance militaire, l\u2019assurance-invalidit\u00e9 (AI), repr\u00e9sent\u00e9e par l\u2019Office f\u00e9d\u00e9ral des assurances sociales (OFAS).<\/p>\n<section class=\"cws-widget\">\n<section class=\"cws_widget_content accordion_widget\">\n<div class=\"accordion_section active\"><a href=\"https:\/\/orthorehasuisse.ch\/wp-content\/uploads\/2024\/07\/2024-05-16_Tarif_Handelsware.pdf\" target=\"_blank\" rel=\"noopener\">Tarif Version 1.02 en PDF &#8211; \u00e0 partir du 1er juillet 2024<\/a><br \/><a href=\"https:\/\/orthorehasuisse.ch\/wp-content\/uploads\/2024\/07\/Tarif_Handelsware_V1-02_2024-07-01_F.xlsx\" target=\"_blank\" rel=\"noopener\">Tarif Version 1.02 en Excel &#8211; \u00e0 partir du 1er juillet 2024<\/a><\/div>\n<div class=\"accordion_section active\"><\/div>\n<div class=\"accordion_section active\"><a href=\"https:\/\/orthorehasuisse.ch\/wp-content\/uploads\/2023\/12\/tariff_980_fr.pdf\" target=\"_blank\" rel=\"noopener\">Tarif Version 1.01 en PDF &#8211; \u00e0 partir du 1er janvier 2024<\/a><\/div>\n<\/section>\n<\/section>\n<p><a href=\"https:\/\/orthorehasuisse.ch\/wp-content\/uploads\/2019\/04\/tariff_980_fr.pdf\" target=\"_blank\" rel=\"noopener\">Tarif Version 1.0 en PDF &#8211; jusqu&rsquo;au 31 d\u00e9cembre 2023<\/a><\/p>\n<p>&nbsp;<\/p>\n<p>Bases:<\/p>\n<p><a href=\"https:\/\/orthorehasuisse.ch\/wp-content\/uploads\/2019\/04\/Vereinbarung_Handelsware_F_SVOT_180525_final_2.pdf\" target=\"_blank\" rel=\"noopener\">Convention relative \u00e0 la r\u00e9mun\u00e9ration des produits finis<\/a><\/p>\n<p><a href=\"https:\/\/orthorehasuisse.ch\/wp-content\/uploads\/2019\/04\/Erlaeuterungen_zum_Tarif_F_180108_final_2.pdf\" target=\"_blank\" rel=\"noopener\">Explications concernant la convention sur la r\u00e9mun\u00e9ration des produits finis<\/a><\/p>\n<p><a href=\"https:\/\/orthorehasuisse.ch\/wp-content\/uploads\/2026\/03\/ORS_Vertragslieferantenliste_Handelswaren-Vereinbarung_Master_2026-03-17.pdf\" target=\"_blank\" rel=\"noopener\">Liste des fournisseurs contractuels<\/a><\/p>\n[\/et_pb_text][\/et_pb_column][\/et_pb_row][\/et_pb_section]\n","protected":false},"excerpt":{"rendered":"<p>Tarif produits finis &nbsp; Le nouvel accord sur la r\u00e9mun\u00e9ration des produits finis prend effet depuis le 1er janvier 2019.L\u2019objectif de cet accord est de r\u00e9glementer la r\u00e9mun\u00e9ration des produits finis pour le secteur AA \/ AM \/ AI entre Ortho Reha Suisse (ORS) et la Commission des tarifs m\u00e9dicaux LAA (CTM), l\u2019assurance militaire (AM), [&hellip;]<\/p>\n","protected":false},"author":491,"featured_media":0,"parent":0,"menu_order":0,"comment_status":"closed","ping_status":"closed","template":"","meta":{"_acf_changed":false,"_et_pb_use_builder":"on","_et_pb_old_content":"[cws-row cols=1 id=\"cols1\"][col span=12][cws-widget type=text title=\"\"]<h3 class=\"csc-firstHeader\">Ab dem 1. Januar 2019 tritt die neue Vereinbarung \u00fcber die Verg\u00fctung von Handelsware in Kraft:<\/h3><p>Die vorliegende Vereinbarung bezweckt die Regelung zur Verg\u00fctung sogenannter Handelsware f\u00fcr den UV\/MV\/IV-Bereich\u00a0zwischen\u00a0Ortho Reha Suisse (ORS)\u00a0und der Medizinaltarif-Kommission UVG (MTK),\u00a0der Milit\u00e4rversicherung (MV), vertreten durch die Suva, Abteilung Milit\u00e4rversicherung, der Invalidenversicherung (IV), vertreten durch das Bundesamt f\u00fcr Sozialversicherungen (BSV).<\/p>[\/cws-widget][cws-widget type=accs title=\"\" items=2][item type=accs title=\"Tarif\"]<p><a href=\"https:\/\/orthorehasuisse.ch\/wp-content\/uploads\/2019\/04\/tariff_980_dt.pdf\" target=\"_blank\" rel=\"noopener\">Tarif als PDF<\/a><\/p>[\/item][item open=1 type=accs title=\"Grundlagen\"]<p><a href=\"https:\/\/orthorehasuisse.ch\/wp-content\/uploads\/2019\/12\/20180701_Vereinbarung-\u00fcber-die-Verg\u00fctung-von-Handelsware_Original.pdf\" target=\"_blank\" rel=\"noopener\">Vereinbarung \u00fcber die Verg\u00fctung von Handelsware<\/a><\/p>\r\n<p><a href=\"https:\/\/orthorehasuisse.ch\/wp-content\/uploads\/2019\/04\/Erlaeuterungen_zum_Tarif_180108_final_3.pdf\" target=\"_blank\" rel=\"noopener\">Bemerkungen zur Vereinbarung \u00fcber die Verg\u00fctung von Handelsware<\/a><\/p>\r\n<p><a href=\"https:\/\/orthorehasuisse.ch\/wp-content\/uploads\/2021\/07\/20210713_Vertragslieferantenliste-Handelswaren-Vereinbarung-1.pdf\" target=\"_blank\" rel=\"noopener\">Vertragslieferantenliste<\/a><\/p>[\/item][\/cws-widget][\/col][\/cws-row]","_et_gb_content_width":"","footnotes":""},"dipi_cpt_category":[],"simple-restrict-permission":[],"class_list":["post-7407","page","type-page","status-publish","hentry"],"acf":[],"yoast_head":"<!-- This site is optimized with the Yoast SEO plugin v25.6 - https:\/\/yoast.com\/wordpress\/plugins\/seo\/ -->\n<title>Tarif produits finis - Ortho Reha Schweiz Verband - ORS<\/title>\n<meta name=\"robots\" content=\"index, follow, max-snippet:-1, max-image-preview:large, max-video-preview:-1\" \/>\n<link rel=\"canonical\" href=\"https:\/\/orthorehasuisse.ch\/fr\/tarif-produits-finis\/\" \/>\n<meta property=\"og:locale\" content=\"fr_FR\" \/>\n<meta property=\"og:type\" content=\"article\" \/>\n<meta property=\"og:title\" content=\"Tarif produits finis - Ortho Reha Schweiz Verband - ORS\" \/>\n<meta property=\"og:description\" content=\"Tarif produits finis &nbsp; Le nouvel accord sur la r\u00e9mun\u00e9ration des produits finis prend effet depuis le 1er janvier 2019.L\u2019objectif de cet accord est de r\u00e9glementer la r\u00e9mun\u00e9ration des produits finis pour le secteur AA \/ AM \/ AI entre Ortho Reha Suisse (ORS) et la Commission des tarifs m\u00e9dicaux LAA (CTM), l\u2019assurance militaire (AM), [&hellip;]\" \/>\n<meta property=\"og:site_name\" content=\"Ortho Reha Schweiz Verband - ORS\" \/>\n<meta property=\"article:modified_time\" content=\"2026-03-18T06:44:01+00:00\" \/>\n<meta name=\"twitter:card\" content=\"summary_large_image\" \/>\n<meta name=\"twitter:label1\" content=\"Dur\u00e9e de lecture estim\u00e9e\" \/>\n\t<meta name=\"twitter:data1\" content=\"2 minutes\" \/>\n<script type=\"application\/ld+json\" class=\"yoast-schema-graph\">{\"@context\":\"https:\/\/schema.org\",\"@graph\":[{\"@type\":\"WebPage\",\"@id\":\"https:\/\/orthorehasuisse.ch\/fr\/tarif-produits-finis\/\",\"url\":\"https:\/\/orthorehasuisse.ch\/fr\/tarif-produits-finis\/\",\"name\":\"Tarif produits finis - Ortho Reha Schweiz Verband - ORS\",\"isPartOf\":{\"@id\":\"https:\/\/orthorehasuisse.ch\/#website\"},\"datePublished\":\"2019-04-02T07:29:28+00:00\",\"dateModified\":\"2026-03-18T06:44:01+00:00\",\"breadcrumb\":{\"@id\":\"https:\/\/orthorehasuisse.ch\/fr\/tarif-produits-finis\/#breadcrumb\"},\"inLanguage\":\"fr-FR\",\"potentialAction\":[{\"@type\":\"ReadAction\",\"target\":[\"https:\/\/orthorehasuisse.ch\/fr\/tarif-produits-finis\/\"]}]},{\"@type\":\"BreadcrumbList\",\"@id\":\"https:\/\/orthorehasuisse.ch\/fr\/tarif-produits-finis\/#breadcrumb\",\"itemListElement\":[{\"@type\":\"ListItem\",\"position\":1,\"name\":\"Startseite\",\"item\":\"https:\/\/orthorehasuisse.ch\/fr\/home\/\"},{\"@type\":\"ListItem\",\"position\":2,\"name\":\"Tarif produits finis\"}]},{\"@type\":\"WebSite\",\"@id\":\"https:\/\/orthorehasuisse.ch\/#website\",\"url\":\"https:\/\/orthorehasuisse.ch\/\",\"name\":\"Ortho Reha Schweiz Verband - ORS\",\"description\":\"Ortho Reha Suisse\",\"potentialAction\":[{\"@type\":\"SearchAction\",\"target\":{\"@type\":\"EntryPoint\",\"urlTemplate\":\"https:\/\/orthorehasuisse.ch\/?s={search_term_string}\"},\"query-input\":{\"@type\":\"PropertyValueSpecification\",\"valueRequired\":true,\"valueName\":\"search_term_string\"}}],\"inLanguage\":\"fr-FR\"}]}<\/script>\n<!-- \/ Yoast SEO plugin. -->","yoast_head_json":{"title":"Tarif produits finis - Ortho Reha Schweiz Verband - ORS","robots":{"index":"index","follow":"follow","max-snippet":"max-snippet:-1","max-image-preview":"max-image-preview:large","max-video-preview":"max-video-preview:-1"},"canonical":"https:\/\/orthorehasuisse.ch\/fr\/tarif-produits-finis\/","og_locale":"fr_FR","og_type":"article","og_title":"Tarif produits finis - Ortho Reha Schweiz Verband - ORS","og_description":"Tarif produits finis &nbsp; Le nouvel accord sur la r\u00e9mun\u00e9ration des produits finis prend effet depuis le 1er janvier 2019.L\u2019objectif de cet accord est de r\u00e9glementer la r\u00e9mun\u00e9ration des produits finis pour le secteur AA \/ AM \/ AI entre Ortho Reha Suisse (ORS) et la Commission des tarifs m\u00e9dicaux LAA (CTM), l\u2019assurance militaire (AM), [&hellip;]","og_site_name":"Ortho Reha Schweiz Verband - ORS","article_modified_time":"2026-03-18T06:44:01+00:00","twitter_card":"summary_large_image","twitter_misc":{"Dur\u00e9e de lecture estim\u00e9e":"2 minutes"},"schema":{"@context":"https:\/\/schema.org","@graph":[{"@type":"WebPage","@id":"https:\/\/orthorehasuisse.ch\/fr\/tarif-produits-finis\/","url":"https:\/\/orthorehasuisse.ch\/fr\/tarif-produits-finis\/","name":"Tarif produits finis - Ortho Reha Schweiz Verband - ORS","isPartOf":{"@id":"https:\/\/orthorehasuisse.ch\/#website"},"datePublished":"2019-04-02T07:29:28+00:00","dateModified":"2026-03-18T06:44:01+00:00","breadcrumb":{"@id":"https:\/\/orthorehasuisse.ch\/fr\/tarif-produits-finis\/#breadcrumb"},"inLanguage":"fr-FR","potentialAction":[{"@type":"ReadAction","target":["https:\/\/orthorehasuisse.ch\/fr\/tarif-produits-finis\/"]}]},{"@type":"BreadcrumbList","@id":"https:\/\/orthorehasuisse.ch\/fr\/tarif-produits-finis\/#breadcrumb","itemListElement":[{"@type":"ListItem","position":1,"name":"Startseite","item":"https:\/\/orthorehasuisse.ch\/fr\/home\/"},{"@type":"ListItem","position":2,"name":"Tarif produits finis"}]},{"@type":"WebSite","@id":"https:\/\/orthorehasuisse.ch\/#website","url":"https:\/\/orthorehasuisse.ch\/","name":"Ortho Reha Schweiz Verband - ORS","description":"Ortho Reha Suisse","potentialAction":[{"@type":"SearchAction","target":{"@type":"EntryPoint","urlTemplate":"https:\/\/orthorehasuisse.ch\/?s={search_term_string}"},"query-input":{"@type":"PropertyValueSpecification","valueRequired":true,"valueName":"search_term_string"}}],"inLanguage":"fr-FR"}]}},"_links":{"self":[{"href":"https:\/\/orthorehasuisse.ch\/fr\/wp-json\/wp\/v2\/pages\/7407","targetHints":{"allow":["GET"]}}],"collection":[{"href":"https:\/\/orthorehasuisse.ch\/fr\/wp-json\/wp\/v2\/pages"}],"about":[{"href":"https:\/\/orthorehasuisse.ch\/fr\/wp-json\/wp\/v2\/types\/page"}],"author":[{"embeddable":true,"href":"https:\/\/orthorehasuisse.ch\/fr\/wp-json\/wp\/v2\/users\/491"}],"replies":[{"embeddable":true,"href":"https:\/\/orthorehasuisse.ch\/fr\/wp-json\/wp\/v2\/comments?post=7407"}],"version-history":[{"count":37,"href":"https:\/\/orthorehasuisse.ch\/fr\/wp-json\/wp\/v2\/pages\/7407\/revisions"}],"predecessor-version":[{"id":18556,"href":"https:\/\/orthorehasuisse.ch\/fr\/wp-json\/wp\/v2\/pages\/7407\/revisions\/18556"}],"wp:attachment":[{"href":"https:\/\/orthorehasuisse.ch\/fr\/wp-json\/wp\/v2\/media?parent=7407"}],"wp:term":[{"taxonomy":"dipi_cpt_category","embeddable":true,"href":"https:\/\/orthorehasuisse.ch\/fr\/wp-json\/wp\/v2\/dipi_cpt_category?post=7407"},{"taxonomy":"simple-restrict-permission","embeddable":true,"href":"https:\/\/orthorehasuisse.ch\/fr\/wp-json\/wp\/v2\/simple-restrict-permission?post=7407"}],"curies":[{"name":"wp","href":"https:\/\/api.w.org\/{rel}","templated":true}]}}