{"id":5874,"date":"2017-02-10T10:42:27","date_gmt":"2017-02-10T09:42:27","guid":{"rendered":"http:\/\/svot.ch\/?page_id=5874\/"},"modified":"2023-10-29T20:15:39","modified_gmt":"2023-10-29T19:15:39","slug":"membres-de-lasto","status":"publish","type":"page","link":"https:\/\/orthorehasuisse.ch\/fr\/membres-de-lasto\/","title":{"rendered":"Membres d&rsquo;ORS"},"content":{"rendered":"[et_pb_section fb_built=\u00a0\u00bb1&Prime; custom_padding_last_edited=\u00a0\u00bbon|phone\u00a0\u00bb _builder_version=\u00a0\u00bb4.21.0&Prime; _module_preset=\u00a0\u00bbdefault\u00a0\u00bb use_background_color_gradient=\u00a0\u00bbon\u00a0\u00bb background_color_gradient_direction=\u00a0\u00bb90deg\u00a0\u00bb background_color_gradient_stops=\u00a0\u00bbrgba(216,216,216,0.75) 0%|rgba(41,196,169,0) 100%\u00a0\u00bb background_color_gradient_overlays_image=\u00a0\u00bbon\u00a0\u00bb background_image=\u00a0\u00bbhttps:\/\/orthorehasuisse.ch\/wp-content\/uploads\/2023\/06\/14ORS.jpg\u00a0\u00bb background_position=\u00a0\u00bbbottom_center\u00a0\u00bb background_vertical_offset=\u00a0\u00bb15%\u00a0\u00bb custom_padding=\u00a0\u00bb12vh||12vh||true|false\u00a0\u00bb custom_padding_tablet=\u00a0\u00bb150px||150px||true|false\u00a0\u00bb custom_padding_phone=\u00a0\u00bb100px||100px||true|false\u00a0\u00bb locked=\u00a0\u00bboff\u00a0\u00bb global_colors_info=\u00a0\u00bb{}\u00a0\u00bb][et_pb_row use_custom_gutter=\u00a0\u00bbon\u00a0\u00bb gutter_width=\u00a0\u00bb2&Prime; make_equal=\u00a0\u00bbon\u00a0\u00bb _builder_version=\u00a0\u00bb4.20.2&Prime; _module_preset=\u00a0\u00bbf4cf7bb6-e7dc-4aa2-b92b-da48402eecb0&Prime; custom_padding=\u00a0\u00bb0px||0px||true|false\u00a0\u00bb animation_direction=\u00a0\u00bbtop\u00a0\u00bb global_colors_info=\u00a0\u00bb{}\u00a0\u00bb][et_pb_column type=\u00a0\u00bb4_4&Prime; _builder_version=\u00a0\u00bb4.20.2&Prime; _module_preset=\u00a0\u00bbdefault\u00a0\u00bb global_colors_info=\u00a0\u00bb{}\u00a0\u00bb][et_pb_text _builder_version=\u00a0\u00bb4.22.1&Prime; _module_preset=\u00a0\u00bbdefault\u00a0\u00bb header_font_size=\u00a0\u00bb80px\u00a0\u00bb animation_style=\u00a0\u00bbslide\u00a0\u00bb animation_direction=\u00a0\u00bbleft\u00a0\u00bb hover_enabled=\u00a0\u00bb0&Prime; header_font_size_tablet=\u00a0\u00bb60px\u00a0\u00bb header_font_size_phone=\u00a0\u00bb45px\u00a0\u00bb header_font_size_last_edited=\u00a0\u00bbon|phone\u00a0\u00bb text_text_shadow_style=\u00a0\u00bbpreset3&Prime; text_text_shadow_blur_strength=\u00a0\u00bb2em\u00a0\u00bb global_colors_info=\u00a0\u00bb{}\u00a0\u00bb sticky_enabled=\u00a0\u00bb0&Prime;]\n<div class=\"grid-row clearfix\">\n<div class=\"grid-col grid-col-12\">\n<section class=\"cws-widget\">\n<section class=\"cws_widget_content\">\n<h1>Membres d&rsquo;ORS<\/h1>\n<p>&nbsp;<\/p>\n<\/section>\n<\/section>\n<\/div>\n<\/div>\n<div class=\"grid-row clearfix\">\n<div class=\"grid-col grid-col-12\">\n<section class=\"cws-widget\">\n<section class=\"cws_widget_content\">\u00a0<\/section>\n<\/section>\n<\/div>\n<\/div>\n[\/et_pb_text][\/et_pb_column][\/et_pb_row][\/et_pb_section][et_pb_section fb_built=\u00a0\u00bb1&Prime; custom_padding_last_edited=\u00a0\u00bbon|phone\u00a0\u00bb _builder_version=\u00a0\u00bb4.21.0&Prime; _module_preset=\u00a0\u00bbdefault\u00a0\u00bb background_color=\u00a0\u00bb#00ABA5&Prime; custom_margin=\u00a0\u00bb||||false|false\u00a0\u00bb custom_padding=\u00a0\u00bb27px||99px||false|false\u00a0\u00bb custom_padding_tablet=\u00a0\u00bb27px||99px||false|false\u00a0\u00bb custom_padding_phone=\u00a0\u00bb0px||||false|false\u00a0\u00bb locked=\u00a0\u00bboff\u00a0\u00bb global_colors_info=\u00a0\u00bb{}\u00a0\u00bb][et_pb_row column_structure=\u00a0\u00bb2_3,1_3&Prime; use_custom_gutter=\u00a0\u00bbon\u00a0\u00bb gutter_width=\u00a0\u00bb2&Prime; make_equal=\u00a0\u00bbon\u00a0\u00bb disabled_on=\u00a0\u00bbon|on|off\u00a0\u00bb _builder_version=\u00a0\u00bb4.21.0&Prime; _module_preset=\u00a0\u00bbf4cf7bb6-e7dc-4aa2-b92b-da48402eecb0&Prime; custom_margin=\u00a0\u00bb-150px||||false|false\u00a0\u00bb custom_margin_tablet=\u00a0\u00bb-102px||||false|false\u00a0\u00bb custom_margin_phone=\u00a0\u00bb-80px||||false|false\u00a0\u00bb custom_margin_last_edited=\u00a0\u00bbon|phone\u00a0\u00bb custom_padding=\u00a0\u00bb0px||0px||true|false\u00a0\u00bb global_colors_info=\u00a0\u00bb{}\u00a0\u00bb][et_pb_column type=\u00a0\u00bb2_3&Prime; _builder_version=\u00a0\u00bb4.16&Prime; _module_preset=\u00a0\u00bbdefault\u00a0\u00bb global_colors_info=\u00a0\u00bb{}\u00a0\u00bb][\/et_pb_column][et_pb_column type=\u00a0\u00bb1_3&Prime; _builder_version=\u00a0\u00bb4.16&Prime; _module_preset=\u00a0\u00bbdefault\u00a0\u00bb global_colors_info=\u00a0\u00bb{}\u00a0\u00bb][et_pb_icon font_icon=\u00a0\u00bb&#xf193;||fa||900&Prime; icon_color=\u00a0\u00bb#00ABA5&Prime; _builder_version=\u00a0\u00bb4.21.0&Prime; _module_preset=\u00a0\u00bbdefault\u00a0\u00bb background_color=\u00a0\u00bb#FFFFFF\u00a0\u00bb custom_padding=\u00a0\u00bb50px|50px|50px|50px|true|true\u00a0\u00bb animation_style=\u00a0\u00bbslide\u00a0\u00bb animation_direction=\u00a0\u00bbright\u00a0\u00bb border_radii=\u00a0\u00bbon|30px|30px|30px|30px\u00a0\u00bb global_colors_info=\u00a0\u00bb{}\u00a0\u00bb][\/et_pb_icon][\/et_pb_column][\/et_pb_row][et_pb_row column_structure=\u00a0\u00bb1_2,1_2&Prime; use_custom_gutter=\u00a0\u00bbon\u00a0\u00bb gutter_width=\u00a0\u00bb2&Prime; make_equal=\u00a0\u00bbon\u00a0\u00bb _builder_version=\u00a0\u00bb4.21.0&Prime; _module_preset=\u00a0\u00bbf4cf7bb6-e7dc-4aa2-b92b-da48402eecb0&Prime; custom_margin=\u00a0\u00bb||||false|false\u00a0\u00bb custom_padding=\u00a0\u00bb||0px||false|false\u00a0\u00bb global_colors_info=\u00a0\u00bb{}\u00a0\u00bb][et_pb_column type=\u00a0\u00bb1_2&Prime; _builder_version=\u00a0\u00bb4.16&Prime; _module_preset=\u00a0\u00bbdefault\u00a0\u00bb custom_padding_tablet=\u00a0\u00bb\u00a0\u00bb custom_padding_phone=\u00a0\u00bb50px||0px||false|false\u00a0\u00bb custom_padding_last_edited=\u00a0\u00bbon|phone\u00a0\u00bb animation_style=\u00a0\u00bbfade\u00a0\u00bb animation_delay=\u00a0\u00bb500ms\u00a0\u00bb animation_speed_curve=\u00a0\u00bbease\u00a0\u00bb global_colors_info=\u00a0\u00bb{}\u00a0\u00bb][et_pb_text _builder_version=\u00a0\u00bb4.22.1&Prime; _module_preset=\u00a0\u00bbdefault\u00a0\u00bb background_layout=\u00a0\u00bbdark\u00a0\u00bb max_width=\u00a0\u00bb494px\u00a0\u00bb max_width_tablet=\u00a0\u00bb100%\u00a0\u00bb max_width_phone=\u00a0\u00bb\u00a0\u00bb max_width_last_edited=\u00a0\u00bbon|phone\u00a0\u00bb module_alignment=\u00a0\u00bbleft\u00a0\u00bb hover_enabled=\u00a0\u00bb0&Prime; global_colors_info=\u00a0\u00bb{}\u00a0\u00bb sticky_enabled=\u00a0\u00bb0&Prime;]\n<p>Avez-vous obtenu une ordonnance pour une aide orthop\u00e9dique de la part de votre m\u00e9decin g\u00e9n\u00e9raliste ou d\u2019un m\u00e9decin sp\u00e9cialiste en raison d\u2019un accident, de douleurs survenues subitement ou d\u2019une maladie ? Vous souhaitez, \u00e0 titre pr\u00e9ventif, obtenir des conseils sur de bonnes chaussures ou un bandage de soutien ?<\/p>\n<p>Vous \u00eates un m\u00e9decin qui cherche un magasin sp\u00e9cialis\u00e9 pour son patient ? Ou \u00eates-vous un sportif amateur passionn\u00e9 qui a besoin d&rsquo;un moyen auxiliaire pour pratiquer son sport favori et qui souhaite savoir quel magasin sp\u00e9cialis\u00e9 serait le plus adapt\u00e9 \u00e0 sa demande ?<\/p>\n[\/et_pb_text][\/et_pb_column][et_pb_column type=\u00a0\u00bb1_2&Prime; _builder_version=\u00a0\u00bb4.16&Prime; _module_preset=\u00a0\u00bbdefault\u00a0\u00bb custom_padding=\u00a0\u00bb0px||||false|false\u00a0\u00bb custom_padding_tablet=\u00a0\u00bb25px||||false|false\u00a0\u00bb custom_padding_phone=\u00a0\u00bb25px||||false|false\u00a0\u00bb custom_padding_last_edited=\u00a0\u00bbon|phone\u00a0\u00bb animation_style=\u00a0\u00bbfade\u00a0\u00bb animation_delay=\u00a0\u00bb750ms\u00a0\u00bb animation_speed_curve=\u00a0\u00bbease\u00a0\u00bb global_colors_info=\u00a0\u00bb{}\u00a0\u00bb][et_pb_text _builder_version=\u00a0\u00bb4.22.1&Prime; _module_preset=\u00a0\u00bbdefault\u00a0\u00bb background_layout=\u00a0\u00bbdark\u00a0\u00bb max_width=\u00a0\u00bb494px\u00a0\u00bb max_width_tablet=\u00a0\u00bb100%\u00a0\u00bb max_width_phone=\u00a0\u00bb\u00a0\u00bb max_width_last_edited=\u00a0\u00bbon|phone\u00a0\u00bb module_alignment=\u00a0\u00bbleft\u00a0\u00bb hover_enabled=\u00a0\u00bb0&Prime; global_colors_info=\u00a0\u00bb{}\u00a0\u00bb sticky_enabled=\u00a0\u00bb0&Prime;]\n<p>La carte ci-dessous vous permettra de trouver tr\u00e8s rapidement les magasins sp\u00e9cialis\u00e9s de votre r\u00e9gion, de comparer les offres et de prendre directement contact avec eux.<\/p>\n[\/et_pb_text][\/et_pb_column][\/et_pb_row][\/et_pb_section][et_pb_section fb_built=\u00a0\u00bb1&Prime; _builder_version=\u00a0\u00bb4.21.0&Prime; _module_preset=\u00a0\u00bbdefault\u00a0\u00bb custom_padding=\u00a0\u00bb||100px||false|false\u00a0\u00bb global_colors_info=\u00a0\u00bb{}\u00a0\u00bb][et_pb_row _builder_version=\u00a0\u00bb4.21.0&Prime; _module_preset=\u00a0\u00bbdefault\u00a0\u00bb global_colors_info=\u00a0\u00bb{}\u00a0\u00bb][et_pb_column type=\u00a0\u00bb4_4&Prime; _builder_version=\u00a0\u00bb4.21.0&Prime; _module_preset=\u00a0\u00bbdefault\u00a0\u00bb global_colors_info=\u00a0\u00bb{}\u00a0\u00bb][et_pb_code _builder_version=\u00a0\u00bb4.21.0&Prime; _module_preset=\u00a0\u00bbdefault\u00a0\u00bb global_colors_info=\u00a0\u00bb{}\u00a0\u00bb]<style>\r\n\t#wpsl-stores .wpsl-store-thumb {height:45px !important; width:45px !important;}\r\n\t#wpsl-stores, #wpsl-direction-details, #wpsl-gmap {height:500px !important;}\r\n\t#wpsl-gmap .wpsl-info-window {max-width:225px !important;}\r\n\t.wpsl-input label, #wpsl-radius label, #wpsl-category label {width:100px;}\r\n\t#wpsl-search-input  {width:150px;}\r\n<\/style>\r\n<div id=\"wpsl-wrap\">\r\n\t<div class=\"wpsl-search wpsl-clearfix \">\r\n\t\t<div id=\"wpsl-search-wrap\">\r\n\t\t\t<form autocomplete=\"off\">\r\n\t\t\t<div class=\"wpsl-input\">\r\n\t\t\t\t<div><label for=\"wpsl-search-input\">Votre emplacement<\/label><\/div>\r\n\t\t\t\t<input id=\"wpsl-search-input\" type=\"text\" value=\"\" name=\"wpsl-search-input\" placeholder=\"\" aria-required=\"true\" \/>\r\n\t\t\t<\/div>\r\n\t\t\t<div class=\"wpsl-select-wrap\">\r\n\t\t\t\t<div id=\"wpsl-radius\">\r\n\t\t\t\t\t<label for=\"wpsl-radius-dropdown\">Rayon de recherche<\/label>\r\n\t\t\t\t\t<select id=\"wpsl-radius-dropdown\" class=\"wpsl-dropdown\" name=\"wpsl-radius\">\r\n\t\t\t\t\t\t<option value=\"10\">10 km<\/option><option value=\"25\">25 km<\/option><option value=\"50\">50 km<\/option><option selected=\"selected\" value=\"100\">100 km<\/option><option value=\"200\">200 km<\/option><option value=\"500\">500 km<\/option><option value=\"1000\">1000 km<\/option>\r\n\t\t\t\t\t<\/select>\r\n\t\t\t\t<\/div>\r\n\t\t\t\t<div id=\"wpsl-results\">\r\n\t\t\t\t\t<label for=\"wpsl-results-dropdown\">R\u00e9sultats<\/label>\r\n\t\t\t\t\t<select id=\"wpsl-results-dropdown\" class=\"wpsl-dropdown\" name=\"wpsl-results\">\r\n\t\t\t\t\t\t<option value=\"25\">25<\/option><option value=\"50\">50<\/option><option value=\"75\">75<\/option><option value=\"100\">100<\/option><option selected=\"selected\" value=\"200\">200<\/option>\r\n\t\t\t\t\t<\/select>\r\n\t\t\t\t<\/div>\r\n\t\t\t<\/div>\r\n\t\t\t\t<div class=\"wpsl-search-btn-wrap\"><input id=\"wpsl-search-btn\" type=\"submit\" value=\"Recherche\"><\/div>\r\n\t\t<\/form>\r\n\t\t<\/div>\r\n\t<\/div>\r\n\t<div id=\"wpsl-gmap\" class=\"wpsl-gmap-canvas\"><\/div>\r\n\t<div id=\"wpsl-result-list\">\r\n\t\t<div id=\"wpsl-stores\" >\r\n\t\t\t<ul><\/ul>\r\n\t\t<\/div>\r\n\t\t<div id=\"wpsl-direction-details\">\r\n\t\t\t<ul><\/ul>\r\n\t\t<\/div>\r\n\t<\/div>\r\n<\/div>\r\n[\/et_pb_code][\/et_pb_column][\/et_pb_row][\/et_pb_section]\n","protected":false},"excerpt":{"rendered":"<p>Membres d&rsquo;ORS &nbsp; \u00a0 Avez-vous obtenu une ordonnance pour une aide orthop\u00e9dique de la part de votre m\u00e9decin g\u00e9n\u00e9raliste ou d\u2019un m\u00e9decin sp\u00e9cialiste en raison d\u2019un accident, de douleurs survenues subitement ou d\u2019une maladie ? Vous souhaitez, \u00e0 titre pr\u00e9ventif, obtenir des conseils sur de bonnes chaussures ou un bandage de soutien ? Vous \u00eates [&hellip;]<\/p>\n","protected":false},"author":491,"featured_media":0,"parent":0,"menu_order":0,"comment_status":"open","ping_status":"closed","template":"","meta":{"_acf_changed":false,"_et_pb_use_builder":"on","_et_pb_old_content":"[cws-row cols=1 id=\"cols1\"][col span=12][cws-widget type=text title=\"\"]<p>Haben Sie aufgrund eines Unfalls, pl\u00f6tzlich auftretender Schmerzen oder einer Erkrankung von ihrem Haus- oder Spezialarzt ein Rezept f\u00fcr ein orthop\u00e4disches Hilfsmittel bekommen? M\u00f6chten Sie sich pr\u00e4ventiv \u00fcber gute Schuhe oder eine unterst\u00fctzende Bandage beraten lassen? Sind Sie ein Arzt, der f\u00fcr seinen Patienten ein entsprechendes Fachgesch\u00e4ft sucht? Oder sind Sie ein passionierter Freizeitsportler, der f\u00fcr das geliebte Sporthobby ein Hilfsmittel ben\u00f6tigt und sich informieren m\u00f6chte, welches Fachgesch\u00e4ft f\u00fcr sein Anliegen am geeignetsten w\u00e4re<\/p>\r\n<p>\u00a0<\/p>\r\n<p>Dann finden Sie \u00fcber die folgende Suchmaske sehr schnell zu den Fachgesch\u00e4ften in Ihrer Region und k\u00f6nnen das Angebot vergleichen und direkt Kontakt aufnehmen.<\/p>[\/cws-widget][\/col][\/cws-row][cws-row cols=1 id=\"cols1\"][col span=12][cws-widget type=text title=\"\"]<p>[wpsl]<\/p>[\/cws-widget][\/col][\/cws-row]","_et_gb_content_width":"","footnotes":""},"dipi_cpt_category":[],"simple-restrict-permission":[],"class_list":["post-5874","page","type-page","status-publish","hentry"],"acf":[],"yoast_head":"<!-- This site is optimized with the Yoast SEO plugin v25.6 - https:\/\/yoast.com\/wordpress\/plugins\/seo\/ -->\n<title>Membres d&#039;ORS - Ortho Reha Schweiz Verband - ORS<\/title>\n<meta name=\"robots\" content=\"index, follow, max-snippet:-1, max-image-preview:large, max-video-preview:-1\" \/>\n<link rel=\"canonical\" href=\"https:\/\/orthorehasuisse.ch\/fr\/membres-de-lasto\/\" \/>\n<meta property=\"og:locale\" content=\"fr_FR\" \/>\n<meta property=\"og:type\" content=\"article\" \/>\n<meta property=\"og:title\" content=\"Membres d&#039;ORS - Ortho Reha Schweiz Verband - ORS\" \/>\n<meta property=\"og:description\" content=\"Membres d&#039;ORS &nbsp; \u00a0 Avez-vous obtenu une ordonnance pour une aide orthop\u00e9dique de la part de votre m\u00e9decin g\u00e9n\u00e9raliste ou d\u2019un m\u00e9decin sp\u00e9cialiste en raison d\u2019un accident, de douleurs survenues subitement ou d\u2019une maladie ? Vous souhaitez, \u00e0 titre pr\u00e9ventif, obtenir des conseils sur de bonnes chaussures ou un bandage de soutien ? Vous \u00eates [&hellip;]\" \/>\n<meta property=\"og:site_name\" content=\"Ortho Reha Schweiz Verband - ORS\" \/>\n<meta property=\"article:modified_time\" content=\"2023-10-29T19:15:39+00:00\" \/>\n<meta name=\"twitter:card\" content=\"summary_large_image\" \/>\n<meta name=\"twitter:label1\" content=\"Dur\u00e9e de lecture estim\u00e9e\" \/>\n\t<meta name=\"twitter:data1\" content=\"2 minutes\" \/>\n<script type=\"application\/ld+json\" class=\"yoast-schema-graph\">{\"@context\":\"https:\/\/schema.org\",\"@graph\":[{\"@type\":\"WebPage\",\"@id\":\"https:\/\/orthorehasuisse.ch\/fr\/membres-de-lasto\/\",\"url\":\"https:\/\/orthorehasuisse.ch\/fr\/membres-de-lasto\/\",\"name\":\"Membres d'ORS - Ortho Reha Schweiz Verband - ORS\",\"isPartOf\":{\"@id\":\"https:\/\/orthorehasuisse.ch\/#website\"},\"datePublished\":\"2017-02-10T09:42:27+00:00\",\"dateModified\":\"2023-10-29T19:15:39+00:00\",\"breadcrumb\":{\"@id\":\"https:\/\/orthorehasuisse.ch\/fr\/membres-de-lasto\/#breadcrumb\"},\"inLanguage\":\"fr-FR\",\"potentialAction\":[{\"@type\":\"ReadAction\",\"target\":[\"https:\/\/orthorehasuisse.ch\/fr\/membres-de-lasto\/\"]}]},{\"@type\":\"BreadcrumbList\",\"@id\":\"https:\/\/orthorehasuisse.ch\/fr\/membres-de-lasto\/#breadcrumb\",\"itemListElement\":[{\"@type\":\"ListItem\",\"position\":1,\"name\":\"Startseite\",\"item\":\"https:\/\/orthorehasuisse.ch\/fr\/home\/\"},{\"@type\":\"ListItem\",\"position\":2,\"name\":\"Membres d&#8217;ORS\"}]},{\"@type\":\"WebSite\",\"@id\":\"https:\/\/orthorehasuisse.ch\/#website\",\"url\":\"https:\/\/orthorehasuisse.ch\/\",\"name\":\"Ortho Reha Schweiz Verband - ORS\",\"description\":\"Ortho Reha Suisse\",\"potentialAction\":[{\"@type\":\"SearchAction\",\"target\":{\"@type\":\"EntryPoint\",\"urlTemplate\":\"https:\/\/orthorehasuisse.ch\/?s={search_term_string}\"},\"query-input\":{\"@type\":\"PropertyValueSpecification\",\"valueRequired\":true,\"valueName\":\"search_term_string\"}}],\"inLanguage\":\"fr-FR\"}]}<\/script>\n<!-- \/ Yoast SEO plugin. -->","yoast_head_json":{"title":"Membres d'ORS - Ortho Reha Schweiz Verband - ORS","robots":{"index":"index","follow":"follow","max-snippet":"max-snippet:-1","max-image-preview":"max-image-preview:large","max-video-preview":"max-video-preview:-1"},"canonical":"https:\/\/orthorehasuisse.ch\/fr\/membres-de-lasto\/","og_locale":"fr_FR","og_type":"article","og_title":"Membres d'ORS - Ortho Reha Schweiz Verband - ORS","og_description":"Membres d'ORS &nbsp; \u00a0 Avez-vous obtenu une ordonnance pour une aide orthop\u00e9dique de la part de votre m\u00e9decin g\u00e9n\u00e9raliste ou d\u2019un m\u00e9decin sp\u00e9cialiste en raison d\u2019un accident, de douleurs survenues subitement ou d\u2019une maladie ? Vous souhaitez, \u00e0 titre pr\u00e9ventif, obtenir des conseils sur de bonnes chaussures ou un bandage de soutien ? Vous \u00eates [&hellip;]","og_site_name":"Ortho Reha Schweiz Verband - ORS","article_modified_time":"2023-10-29T19:15:39+00:00","twitter_card":"summary_large_image","twitter_misc":{"Dur\u00e9e de lecture estim\u00e9e":"2 minutes"},"schema":{"@context":"https:\/\/schema.org","@graph":[{"@type":"WebPage","@id":"https:\/\/orthorehasuisse.ch\/fr\/membres-de-lasto\/","url":"https:\/\/orthorehasuisse.ch\/fr\/membres-de-lasto\/","name":"Membres d'ORS - Ortho Reha Schweiz Verband - ORS","isPartOf":{"@id":"https:\/\/orthorehasuisse.ch\/#website"},"datePublished":"2017-02-10T09:42:27+00:00","dateModified":"2023-10-29T19:15:39+00:00","breadcrumb":{"@id":"https:\/\/orthorehasuisse.ch\/fr\/membres-de-lasto\/#breadcrumb"},"inLanguage":"fr-FR","potentialAction":[{"@type":"ReadAction","target":["https:\/\/orthorehasuisse.ch\/fr\/membres-de-lasto\/"]}]},{"@type":"BreadcrumbList","@id":"https:\/\/orthorehasuisse.ch\/fr\/membres-de-lasto\/#breadcrumb","itemListElement":[{"@type":"ListItem","position":1,"name":"Startseite","item":"https:\/\/orthorehasuisse.ch\/fr\/home\/"},{"@type":"ListItem","position":2,"name":"Membres d&#8217;ORS"}]},{"@type":"WebSite","@id":"https:\/\/orthorehasuisse.ch\/#website","url":"https:\/\/orthorehasuisse.ch\/","name":"Ortho Reha Schweiz Verband - ORS","description":"Ortho Reha Suisse","potentialAction":[{"@type":"SearchAction","target":{"@type":"EntryPoint","urlTemplate":"https:\/\/orthorehasuisse.ch\/?s={search_term_string}"},"query-input":{"@type":"PropertyValueSpecification","valueRequired":true,"valueName":"search_term_string"}}],"inLanguage":"fr-FR"}]}},"_links":{"self":[{"href":"https:\/\/orthorehasuisse.ch\/fr\/wp-json\/wp\/v2\/pages\/5874","targetHints":{"allow":["GET"]}}],"collection":[{"href":"https:\/\/orthorehasuisse.ch\/fr\/wp-json\/wp\/v2\/pages"}],"about":[{"href":"https:\/\/orthorehasuisse.ch\/fr\/wp-json\/wp\/v2\/types\/page"}],"author":[{"embeddable":true,"href":"https:\/\/orthorehasuisse.ch\/fr\/wp-json\/wp\/v2\/users\/491"}],"replies":[{"embeddable":true,"href":"https:\/\/orthorehasuisse.ch\/fr\/wp-json\/wp\/v2\/comments?post=5874"}],"version-history":[{"count":9,"href":"https:\/\/orthorehasuisse.ch\/fr\/wp-json\/wp\/v2\/pages\/5874\/revisions"}],"predecessor-version":[{"id":15008,"href":"https:\/\/orthorehasuisse.ch\/fr\/wp-json\/wp\/v2\/pages\/5874\/revisions\/15008"}],"wp:attachment":[{"href":"https:\/\/orthorehasuisse.ch\/fr\/wp-json\/wp\/v2\/media?parent=5874"}],"wp:term":[{"taxonomy":"dipi_cpt_category","embeddable":true,"href":"https:\/\/orthorehasuisse.ch\/fr\/wp-json\/wp\/v2\/dipi_cpt_category?post=5874"},{"taxonomy":"simple-restrict-permission","embeddable":true,"href":"https:\/\/orthorehasuisse.ch\/fr\/wp-json\/wp\/v2\/simple-restrict-permission?post=5874"}],"curies":[{"name":"wp","href":"https:\/\/api.w.org\/{rel}","templated":true}]}}