{"id":5584,"date":"2017-03-20T13:33:11","date_gmt":"2017-03-20T12:33:11","guid":{"rendered":"http:\/\/svot.ch\/?page_id=5584\/"},"modified":"2023-12-12T09:43:17","modified_gmt":"2023-12-12T08:43:17","slug":"les-medias","status":"publish","type":"page","link":"https:\/\/orthorehasuisse.ch\/fr\/les-medias\/","title":{"rendered":"M\u00e9dias"},"content":{"rendered":"[et_pb_section fb_built=\u00a0\u00bb1&Prime; custom_padding_last_edited=\u00a0\u00bbon|phone\u00a0\u00bb _builder_version=\u00a0\u00bb4.21.0&Prime; _module_preset=\u00a0\u00bbdefault\u00a0\u00bb use_background_color_gradient=\u00a0\u00bbon\u00a0\u00bb background_color_gradient_direction=\u00a0\u00bb90deg\u00a0\u00bb background_color_gradient_stops=\u00a0\u00bbrgba(216,216,216,0.75) 0%|rgba(41,196,169,0) 100%\u00a0\u00bb background_color_gradient_overlays_image=\u00a0\u00bbon\u00a0\u00bb background_image=\u00a0\u00bbhttps:\/\/orthorehasuisse.ch\/wp-content\/uploads\/2023\/03\/iStock-542968610.jpg\u00a0\u00bb background_position=\u00a0\u00bbbottom_center\u00a0\u00bb background_vertical_offset=\u00a0\u00bb10%\u00a0\u00bb custom_padding=\u00a0\u00bb12vh||12vh||true|false\u00a0\u00bb custom_padding_tablet=\u00a0\u00bb150px||150px||true|false\u00a0\u00bb custom_padding_phone=\u00a0\u00bb100px||100px||true|false\u00a0\u00bb locked=\u00a0\u00bboff\u00a0\u00bb global_colors_info=\u00a0\u00bb{}\u00a0\u00bb][et_pb_row use_custom_gutter=\u00a0\u00bbon\u00a0\u00bb gutter_width=\u00a0\u00bb2&Prime; make_equal=\u00a0\u00bbon\u00a0\u00bb _builder_version=\u00a0\u00bb4.20.2&Prime; _module_preset=\u00a0\u00bbf4cf7bb6-e7dc-4aa2-b92b-da48402eecb0&Prime; custom_padding=\u00a0\u00bb0px||0px||true|false\u00a0\u00bb animation_direction=\u00a0\u00bbtop\u00a0\u00bb global_colors_info=\u00a0\u00bb{}\u00a0\u00bb][et_pb_column type=\u00a0\u00bb4_4&Prime; _builder_version=\u00a0\u00bb4.20.2&Prime; _module_preset=\u00a0\u00bbdefault\u00a0\u00bb global_colors_info=\u00a0\u00bb{}\u00a0\u00bb][et_pb_text _builder_version=\u00a0\u00bb4.22.1&Prime; _module_preset=\u00a0\u00bbdefault\u00a0\u00bb header_font_size=\u00a0\u00bb80px\u00a0\u00bb animation_style=\u00a0\u00bbslide\u00a0\u00bb animation_direction=\u00a0\u00bbleft\u00a0\u00bb header_font_size_tablet=\u00a0\u00bb60px\u00a0\u00bb header_font_size_phone=\u00a0\u00bb45px\u00a0\u00bb header_font_size_last_edited=\u00a0\u00bbon|phone\u00a0\u00bb text_text_shadow_style=\u00a0\u00bbpreset3&Prime; text_text_shadow_blur_strength=\u00a0\u00bb2em\u00a0\u00bb global_colors_info=\u00a0\u00bb{}\u00a0\u00bb]\n<div class=\"grid-row clearfix\">\n<div class=\"grid-col grid-col-12\">\n<section class=\"cws-widget\">\n<section class=\"cws_widget_content\">\n<h1>M\u00e9dias<span style=\"font-size: 16px;\">\u00a0<\/span><\/h1>\n<\/section>\n<\/section>\n<\/div>\n<\/div>\n[\/et_pb_text][\/et_pb_column][\/et_pb_row][\/et_pb_section][et_pb_section fb_built=\u00a0\u00bb1&Prime; custom_padding_last_edited=\u00a0\u00bbon|phone\u00a0\u00bb _builder_version=\u00a0\u00bb4.21.0&Prime; _module_preset=\u00a0\u00bbdefault\u00a0\u00bb background_color=\u00a0\u00bb#00ABA5&Prime; custom_margin=\u00a0\u00bb||||false|false\u00a0\u00bb custom_padding=\u00a0\u00bb27px||99px||false|false\u00a0\u00bb custom_padding_tablet=\u00a0\u00bb27px||99px||false|false\u00a0\u00bb custom_padding_phone=\u00a0\u00bb0px||||false|false\u00a0\u00bb locked=\u00a0\u00bboff\u00a0\u00bb global_colors_info=\u00a0\u00bb{}\u00a0\u00bb][et_pb_row column_structure=\u00a0\u00bb2_3,1_3&Prime; use_custom_gutter=\u00a0\u00bbon\u00a0\u00bb gutter_width=\u00a0\u00bb2&Prime; make_equal=\u00a0\u00bbon\u00a0\u00bb disabled_on=\u00a0\u00bbon|on|off\u00a0\u00bb _builder_version=\u00a0\u00bb4.21.0&Prime; _module_preset=\u00a0\u00bbf4cf7bb6-e7dc-4aa2-b92b-da48402eecb0&Prime; custom_margin=\u00a0\u00bb-150px||||false|false\u00a0\u00bb custom_margin_tablet=\u00a0\u00bb-102px||||false|false\u00a0\u00bb custom_margin_phone=\u00a0\u00bb-80px||||false|false\u00a0\u00bb custom_margin_last_edited=\u00a0\u00bbon|phone\u00a0\u00bb custom_padding=\u00a0\u00bb0px||0px||true|false\u00a0\u00bb global_colors_info=\u00a0\u00bb{}\u00a0\u00bb][et_pb_column type=\u00a0\u00bb2_3&Prime; _builder_version=\u00a0\u00bb4.16&Prime; _module_preset=\u00a0\u00bbdefault\u00a0\u00bb global_colors_info=\u00a0\u00bb{}\u00a0\u00bb][\/et_pb_column][et_pb_column type=\u00a0\u00bb1_3&Prime; _builder_version=\u00a0\u00bb4.16&Prime; _module_preset=\u00a0\u00bbdefault\u00a0\u00bb global_colors_info=\u00a0\u00bb{}\u00a0\u00bb][et_pb_icon font_icon=\u00a0\u00bb&#xf193;||fa||900&Prime; icon_color=\u00a0\u00bb#00ABA5&Prime; _builder_version=\u00a0\u00bb4.21.0&Prime; _module_preset=\u00a0\u00bbdefault\u00a0\u00bb background_color=\u00a0\u00bb#FFFFFF\u00a0\u00bb custom_padding=\u00a0\u00bb50px|50px|50px|50px|true|true\u00a0\u00bb animation_style=\u00a0\u00bbslide\u00a0\u00bb animation_direction=\u00a0\u00bbright\u00a0\u00bb border_radii=\u00a0\u00bbon|30px|30px|30px|30px\u00a0\u00bb global_colors_info=\u00a0\u00bb{}\u00a0\u00bb][\/et_pb_icon][\/et_pb_column][\/et_pb_row][et_pb_row column_structure=\u00a0\u00bb1_2,1_2&Prime; use_custom_gutter=\u00a0\u00bbon\u00a0\u00bb gutter_width=\u00a0\u00bb2&Prime; make_equal=\u00a0\u00bbon\u00a0\u00bb _builder_version=\u00a0\u00bb4.21.0&Prime; _module_preset=\u00a0\u00bbf4cf7bb6-e7dc-4aa2-b92b-da48402eecb0&Prime; custom_margin=\u00a0\u00bb||||false|false\u00a0\u00bb custom_padding=\u00a0\u00bb||0px||false|false\u00a0\u00bb global_colors_info=\u00a0\u00bb{}\u00a0\u00bb][et_pb_column type=\u00a0\u00bb1_2&Prime; _builder_version=\u00a0\u00bb4.16&Prime; _module_preset=\u00a0\u00bbdefault\u00a0\u00bb custom_padding_tablet=\u00a0\u00bb\u00a0\u00bb custom_padding_phone=\u00a0\u00bb50px||0px||false|false\u00a0\u00bb custom_padding_last_edited=\u00a0\u00bbon|phone\u00a0\u00bb animation_style=\u00a0\u00bbfade\u00a0\u00bb animation_delay=\u00a0\u00bb500ms\u00a0\u00bb animation_speed_curve=\u00a0\u00bbease\u00a0\u00bb global_colors_info=\u00a0\u00bb{}\u00a0\u00bb][et_pb_text _builder_version=\u00a0\u00bb4.22.1&Prime; _module_preset=\u00a0\u00bbdefault\u00a0\u00bb link_text_color=\u00a0\u00bb#FFFFFF\u00a0\u00bb background_layout=\u00a0\u00bbdark\u00a0\u00bb max_width=\u00a0\u00bb494px\u00a0\u00bb max_width_tablet=\u00a0\u00bb100%\u00a0\u00bb max_width_phone=\u00a0\u00bb\u00a0\u00bb max_width_last_edited=\u00a0\u00bbon|phone\u00a0\u00bb module_alignment=\u00a0\u00bbleft\u00a0\u00bb global_colors_info=\u00a0\u00bb{}\u00a0\u00bb]\n<p>Vous souhaitez de plus amples informations sur Ortho Reha Suisse (ORS) ?<\/p>\n<p>Alors n&rsquo;h\u00e9sitez pas \u00e0 prendre contact avec nous. Nous vous remercions de votre int\u00e9r\u00eat !<\/p>\n<p id=\"yui_3_18_1_1_1490013250699_1230\">[\/et_pb_text][\/et_pb_column][et_pb_column type=\u00a0\u00bb1_2&Prime; _builder_version=\u00a0\u00bb4.16&Prime; _module_preset=\u00a0\u00bbdefault\u00a0\u00bb custom_padding=\u00a0\u00bb0px||||false|false\u00a0\u00bb custom_padding_tablet=\u00a0\u00bb25px||||false|false\u00a0\u00bb custom_padding_phone=\u00a0\u00bb25px||||false|false\u00a0\u00bb custom_padding_last_edited=\u00a0\u00bbon|phone\u00a0\u00bb animation_style=\u00a0\u00bbfade\u00a0\u00bb animation_delay=\u00a0\u00bb750ms\u00a0\u00bb animation_speed_curve=\u00a0\u00bbease\u00a0\u00bb global_colors_info=\u00a0\u00bb{}\u00a0\u00bb][et_pb_text _builder_version=\u00a0\u00bb4.22.1&Prime; _module_preset=\u00a0\u00bbdefault\u00a0\u00bb link_text_color=\u00a0\u00bb#FFFFFF\u00a0\u00bb background_layout=\u00a0\u00bbdark\u00a0\u00bb max_width=\u00a0\u00bb494px\u00a0\u00bb max_width_tablet=\u00a0\u00bb100%\u00a0\u00bb max_width_phone=\u00a0\u00bb\u00a0\u00bb max_width_last_edited=\u00a0\u00bbon|phone\u00a0\u00bb module_alignment=\u00a0\u00bbleft\u00a0\u00bb global_colors_info=\u00a0\u00bb{}\u00a0\u00bb]\n<p><strong>Contact<\/strong><\/p>\n<p>Ortho Reha Suisse<br \/>T\u00e4gerhardring 8<br \/>5436 W\u00fcrenlos<\/p>\n<p>T\u00e9l\u00e9phone : 044 545 55 85<br \/><a href=\"mailto:info@orthorehasuisse.ch\">E-Mail<\/a><\/p>\n[\/et_pb_text][\/et_pb_column][\/et_pb_row][\/et_pb_section][et_pb_section fb_built=\u00a0\u00bb1&Prime; _builder_version=\u00a0\u00bb4.21.0&Prime; _module_preset=\u00a0\u00bbdefault\u00a0\u00bb custom_padding=\u00a0\u00bb99px||120px||false|false\u00a0\u00bb locked=\u00a0\u00bboff\u00a0\u00bb global_colors_info=\u00a0\u00bb{}\u00a0\u00bb][et_pb_row use_custom_gutter=\u00a0\u00bbon\u00a0\u00bb gutter_width=\u00a0\u00bb2&Prime; make_equal=\u00a0\u00bbon\u00a0\u00bb _builder_version=\u00a0\u00bb4.21.0&Prime; _module_preset=\u00a0\u00bbf4cf7bb6-e7dc-4aa2-b92b-da48402eecb0&Prime; global_colors_info=\u00a0\u00bb{}\u00a0\u00bb][et_pb_column type=\u00a0\u00bb4_4&Prime; _builder_version=\u00a0\u00bb4.16&Prime; _module_preset=\u00a0\u00bbdefault\u00a0\u00bb global_colors_info=\u00a0\u00bb{}\u00a0\u00bb][et_pb_text _builder_version=\u00a0\u00bb4.22.1&Prime; _module_preset=\u00a0\u00bbdefault\u00a0\u00bb header_2_text_align=\u00a0\u00bbcenter\u00a0\u00bb module_alignment=\u00a0\u00bbcenter\u00a0\u00bb header_2_font_size_tablet=\u00a0\u00bb45px\u00a0\u00bb header_2_font_size_phone=\u00a0\u00bb40px\u00a0\u00bb header_2_font_size_last_edited=\u00a0\u00bboff|desktop\u00a0\u00bb global_colors_info=\u00a0\u00bb{}\u00a0\u00bb]\n<h2>Fiche d&rsquo;informations ORS<\/h2>\n[\/et_pb_text][\/et_pb_column][\/et_pb_row][et_pb_row column_structure=\u00a0\u00bb1_2,1_2&Prime; use_custom_gutter=\u00a0\u00bbon\u00a0\u00bb gutter_width=\u00a0\u00bb2&Prime; make_equal=\u00a0\u00bbon\u00a0\u00bb _builder_version=\u00a0\u00bb4.16&Prime; _module_preset=\u00a0\u00bbf4cf7bb6-e7dc-4aa2-b92b-da48402eecb0&Prime; custom_padding=\u00a0\u00bb0px||0px||true|false\u00a0\u00bb global_colors_info=\u00a0\u00bb{}\u00a0\u00bb][et_pb_column type=\u00a0\u00bb1_2&Prime; _builder_version=\u00a0\u00bb4.16&Prime; _module_preset=\u00a0\u00bbdefault\u00a0\u00bb global_colors_info=\u00a0\u00bb{}\u00a0\u00bb][et_pb_text _builder_version=\u00a0\u00bb4.22.1&Prime; _module_preset=\u00a0\u00bbdefault\u00a0\u00bb text_text_color=\u00a0\u00bb#000000&Prime; background_layout=\u00a0\u00bbdark\u00a0\u00bb max_width_tablet=\u00a0\u00bb100%\u00a0\u00bb max_width_last_edited=\u00a0\u00bboff|desktop\u00a0\u00bb module_alignment=\u00a0\u00bbleft\u00a0\u00bb global_colors_info=\u00a0\u00bb{}\u00a0\u00bb max_width__hover_enabled=\u00a0\u00bbon|desktop\u00a0\u00bb]\n<p>Nombre de membres \u00a0 \u00a0 \u00a0 \u00a0 101<br \/>Employ\u00e9s\/\u00e9es\u00a0 \u00a0 \u00a0 \u00a0 \u00a0 \u00a0 \u00a0 \u00a0 \u00a0 \u00a0 \u00a0 \u00a0948<\/p>\n<p>Chiffre d\u2019affaires net (2017) \u00a0\u00a0 199.9 millions de CHF<\/p>\n<ul>\n<li>43 % part de l\u2019assurance-invalidit\u00e9<\/li>\n<li>14 % SUVA \/ LAA<\/li>\n<li>0 % Assurance militaire<\/li>\n<li>43 % Payeurs priv\u00e9s<\/li>\n<\/ul>\n<p>&nbsp;<\/p>\n<p>Ces chiffres sont bas\u00e9s sur l\u2019enqu\u00eate \u00e9conomique qui comprend 100 % des membres.<\/p>\n[\/et_pb_text][\/et_pb_column][et_pb_column type=\u00a0\u00bb1_2&Prime; _builder_version=\u00a0\u00bb4.16&Prime; _module_preset=\u00a0\u00bbdefault\u00a0\u00bb global_colors_info=\u00a0\u00bb{}\u00a0\u00bb][et_pb_text _builder_version=\u00a0\u00bb4.22.1&Prime; _module_preset=\u00a0\u00bbdefault\u00a0\u00bb hover_enabled=\u00a0\u00bb0&Prime; global_colors_info=\u00a0\u00bb{}\u00a0\u00bb sticky_enabled=\u00a0\u00bb0&Prime;]\n<p>ORS = Organisation professionnelle (association)<\/p>\n<ul>\n<li>Membre de l&rsquo;Union suisse des arts et m\u00e9tiers (USAM)<\/li>\n<li>Membre de l\u2019Union Europ\u00e9enne des Associations des petites et moyennes entreprises (UEAPME)<\/li>\n<\/ul>\n<p>Convention tarifaire avec CTM-SUVA \/ AM \/ OFAS-AI, renouvel\u00e9e compl\u00e8tement la derni\u00e8re fois en 2016, avec l\u2019accord de Monsieur prix.<\/p>\n<p>Assurance qualit\u00e9 avec audits et cours de formation continue. 2 jours \/ ann\u00e9e \/ entreprise<\/p>\n<p>Formation professionnelle (4 ans), y compris les cours interentreprises<\/p>\n<p>Formation continue (examen professionnel sup\u00e9rieur, niveau de technicien)<\/p>\n<p>Code de d\u00e9ontologie (largement bas\u00e9 sur ceux de FMH und SSO)<\/p>\n<p>Solution de branche CFST depuis d\u00e9cembre 2000<\/p>\n[\/et_pb_text][\/et_pb_column][\/et_pb_row][\/et_pb_section]\n","protected":false},"excerpt":{"rendered":"<p>M\u00e9dias\u00a0 Vous souhaitez de plus amples informations sur Ortho Reha Suisse (ORS) ? Alors n&rsquo;h\u00e9sitez pas \u00e0 prendre contact avec nous. Nous vous remercions de votre int\u00e9r\u00eat ! Contact Ortho Reha SuisseT\u00e4gerhardring 85436 W\u00fcrenlos T\u00e9l\u00e9phone : 044 545 55 85E-MailFiche d&rsquo;informations ORSNombre de membres \u00a0 \u00a0 \u00a0 \u00a0 101Employ\u00e9s\/\u00e9es\u00a0 \u00a0 \u00a0 \u00a0 \u00a0 \u00a0 \u00a0 [&hellip;]<\/p>\n","protected":false},"author":491,"featured_media":0,"parent":0,"menu_order":0,"comment_status":"closed","ping_status":"closed","template":"","meta":{"_acf_changed":false,"_et_pb_use_builder":"on","_et_pb_old_content":"[cws-row cols=1 id=\"cols1\"][col span=12][cws-widget type=text title=\"\"]<p>W\u00fcnschen Sie weitere Informationen\u00a0zu Ortho Reha Suisse\u00a0(ORS)?\u00a0<br \/>Dann z\u00f6gern Sie nicht und treten Sie mit uns in Kontakt. Wir freuen uns \u00fcber Ihr Interesse!<\/p>\r\n<p>\u00a0<\/p>\r\n<p><strong>Kontakt<\/strong><\/p>\r\n<p>Ortho Reha Suisse<br \/>T\u00e4gerhardring 8<br \/>5436 W\u00fcrenlos<\/p>\r\n<p id=\"yui_3_18_1_1_1490013250699_1230\">Telefon: 044 545 55 85<br \/><a href=\"mailto:info@orthorehasuisse.ch\">E-Mai<\/a><\/p>\r\n<p>\u00a0<\/p>\r\n<p>\u00a0<\/p>[\/cws-widget][\/col][\/cws-row]","_et_gb_content_width":"","footnotes":""},"dipi_cpt_category":[],"simple-restrict-permission":[],"class_list":["post-5584","page","type-page","status-publish","hentry"],"acf":[],"yoast_head":"<!-- This site is optimized with the Yoast SEO plugin v25.6 - https:\/\/yoast.com\/wordpress\/plugins\/seo\/ -->\n<title>M\u00e9dias - Ortho Reha Schweiz Verband - ORS<\/title>\n<meta name=\"robots\" content=\"index, follow, max-snippet:-1, max-image-preview:large, max-video-preview:-1\" \/>\n<link rel=\"canonical\" href=\"https:\/\/orthorehasuisse.ch\/fr\/les-medias\/\" \/>\n<meta property=\"og:locale\" content=\"fr_FR\" \/>\n<meta property=\"og:type\" content=\"article\" \/>\n<meta property=\"og:title\" content=\"M\u00e9dias - Ortho Reha Schweiz Verband - ORS\" \/>\n<meta property=\"og:description\" content=\"M\u00e9dias\u00a0 Vous souhaitez de plus amples informations sur Ortho Reha Suisse (ORS) ? Alors n&#039;h\u00e9sitez pas \u00e0 prendre contact avec nous. Nous vous remercions de votre int\u00e9r\u00eat ! Contact Ortho Reha SuisseT\u00e4gerhardring 85436 W\u00fcrenlos T\u00e9l\u00e9phone : 044 545 55 85E-MailFiche d&#039;informations ORSNombre de membres \u00a0 \u00a0 \u00a0 \u00a0 101Employ\u00e9s\/\u00e9es\u00a0 \u00a0 \u00a0 \u00a0 \u00a0 \u00a0 \u00a0 [&hellip;]\" \/>\n<meta property=\"og:site_name\" content=\"Ortho Reha Schweiz Verband - ORS\" \/>\n<meta property=\"article:modified_time\" content=\"2023-12-12T08:43:17+00:00\" \/>\n<meta name=\"twitter:card\" content=\"summary_large_image\" \/>\n<meta name=\"twitter:label1\" content=\"Dur\u00e9e de lecture estim\u00e9e\" \/>\n\t<meta name=\"twitter:data1\" content=\"3 minutes\" \/>\n<script type=\"application\/ld+json\" class=\"yoast-schema-graph\">{\"@context\":\"https:\/\/schema.org\",\"@graph\":[{\"@type\":\"WebPage\",\"@id\":\"https:\/\/orthorehasuisse.ch\/fr\/les-medias\/\",\"url\":\"https:\/\/orthorehasuisse.ch\/fr\/les-medias\/\",\"name\":\"M\u00e9dias - Ortho Reha Schweiz Verband - ORS\",\"isPartOf\":{\"@id\":\"https:\/\/orthorehasuisse.ch\/#website\"},\"datePublished\":\"2017-03-20T12:33:11+00:00\",\"dateModified\":\"2023-12-12T08:43:17+00:00\",\"breadcrumb\":{\"@id\":\"https:\/\/orthorehasuisse.ch\/fr\/les-medias\/#breadcrumb\"},\"inLanguage\":\"fr-FR\",\"potentialAction\":[{\"@type\":\"ReadAction\",\"target\":[\"https:\/\/orthorehasuisse.ch\/fr\/les-medias\/\"]}]},{\"@type\":\"BreadcrumbList\",\"@id\":\"https:\/\/orthorehasuisse.ch\/fr\/les-medias\/#breadcrumb\",\"itemListElement\":[{\"@type\":\"ListItem\",\"position\":1,\"name\":\"Startseite\",\"item\":\"https:\/\/orthorehasuisse.ch\/fr\/home\/\"},{\"@type\":\"ListItem\",\"position\":2,\"name\":\"M\u00e9dias\"}]},{\"@type\":\"WebSite\",\"@id\":\"https:\/\/orthorehasuisse.ch\/#website\",\"url\":\"https:\/\/orthorehasuisse.ch\/\",\"name\":\"Ortho Reha Schweiz Verband - ORS\",\"description\":\"Ortho Reha Suisse\",\"potentialAction\":[{\"@type\":\"SearchAction\",\"target\":{\"@type\":\"EntryPoint\",\"urlTemplate\":\"https:\/\/orthorehasuisse.ch\/?s={search_term_string}\"},\"query-input\":{\"@type\":\"PropertyValueSpecification\",\"valueRequired\":true,\"valueName\":\"search_term_string\"}}],\"inLanguage\":\"fr-FR\"}]}<\/script>\n<!-- \/ Yoast SEO plugin. -->","yoast_head_json":{"title":"M\u00e9dias - Ortho Reha Schweiz Verband - ORS","robots":{"index":"index","follow":"follow","max-snippet":"max-snippet:-1","max-image-preview":"max-image-preview:large","max-video-preview":"max-video-preview:-1"},"canonical":"https:\/\/orthorehasuisse.ch\/fr\/les-medias\/","og_locale":"fr_FR","og_type":"article","og_title":"M\u00e9dias - Ortho Reha Schweiz Verband - ORS","og_description":"M\u00e9dias\u00a0 Vous souhaitez de plus amples informations sur Ortho Reha Suisse (ORS) ? Alors n'h\u00e9sitez pas \u00e0 prendre contact avec nous. Nous vous remercions de votre int\u00e9r\u00eat ! Contact Ortho Reha SuisseT\u00e4gerhardring 85436 W\u00fcrenlos T\u00e9l\u00e9phone : 044 545 55 85E-MailFiche d'informations ORSNombre de membres \u00a0 \u00a0 \u00a0 \u00a0 101Employ\u00e9s\/\u00e9es\u00a0 \u00a0 \u00a0 \u00a0 \u00a0 \u00a0 \u00a0 [&hellip;]","og_site_name":"Ortho Reha Schweiz Verband - ORS","article_modified_time":"2023-12-12T08:43:17+00:00","twitter_card":"summary_large_image","twitter_misc":{"Dur\u00e9e de lecture estim\u00e9e":"3 minutes"},"schema":{"@context":"https:\/\/schema.org","@graph":[{"@type":"WebPage","@id":"https:\/\/orthorehasuisse.ch\/fr\/les-medias\/","url":"https:\/\/orthorehasuisse.ch\/fr\/les-medias\/","name":"M\u00e9dias - Ortho Reha Schweiz Verband - ORS","isPartOf":{"@id":"https:\/\/orthorehasuisse.ch\/#website"},"datePublished":"2017-03-20T12:33:11+00:00","dateModified":"2023-12-12T08:43:17+00:00","breadcrumb":{"@id":"https:\/\/orthorehasuisse.ch\/fr\/les-medias\/#breadcrumb"},"inLanguage":"fr-FR","potentialAction":[{"@type":"ReadAction","target":["https:\/\/orthorehasuisse.ch\/fr\/les-medias\/"]}]},{"@type":"BreadcrumbList","@id":"https:\/\/orthorehasuisse.ch\/fr\/les-medias\/#breadcrumb","itemListElement":[{"@type":"ListItem","position":1,"name":"Startseite","item":"https:\/\/orthorehasuisse.ch\/fr\/home\/"},{"@type":"ListItem","position":2,"name":"M\u00e9dias"}]},{"@type":"WebSite","@id":"https:\/\/orthorehasuisse.ch\/#website","url":"https:\/\/orthorehasuisse.ch\/","name":"Ortho Reha Schweiz Verband - ORS","description":"Ortho Reha Suisse","potentialAction":[{"@type":"SearchAction","target":{"@type":"EntryPoint","urlTemplate":"https:\/\/orthorehasuisse.ch\/?s={search_term_string}"},"query-input":{"@type":"PropertyValueSpecification","valueRequired":true,"valueName":"search_term_string"}}],"inLanguage":"fr-FR"}]}},"_links":{"self":[{"href":"https:\/\/orthorehasuisse.ch\/fr\/wp-json\/wp\/v2\/pages\/5584","targetHints":{"allow":["GET"]}}],"collection":[{"href":"https:\/\/orthorehasuisse.ch\/fr\/wp-json\/wp\/v2\/pages"}],"about":[{"href":"https:\/\/orthorehasuisse.ch\/fr\/wp-json\/wp\/v2\/types\/page"}],"author":[{"embeddable":true,"href":"https:\/\/orthorehasuisse.ch\/fr\/wp-json\/wp\/v2\/users\/491"}],"replies":[{"embeddable":true,"href":"https:\/\/orthorehasuisse.ch\/fr\/wp-json\/wp\/v2\/comments?post=5584"}],"version-history":[{"count":14,"href":"https:\/\/orthorehasuisse.ch\/fr\/wp-json\/wp\/v2\/pages\/5584\/revisions"}],"predecessor-version":[{"id":15448,"href":"https:\/\/orthorehasuisse.ch\/fr\/wp-json\/wp\/v2\/pages\/5584\/revisions\/15448"}],"wp:attachment":[{"href":"https:\/\/orthorehasuisse.ch\/fr\/wp-json\/wp\/v2\/media?parent=5584"}],"wp:term":[{"taxonomy":"dipi_cpt_category","embeddable":true,"href":"https:\/\/orthorehasuisse.ch\/fr\/wp-json\/wp\/v2\/dipi_cpt_category?post=5584"},{"taxonomy":"simple-restrict-permission","embeddable":true,"href":"https:\/\/orthorehasuisse.ch\/fr\/wp-json\/wp\/v2\/simple-restrict-permission?post=5584"}],"curies":[{"name":"wp","href":"https:\/\/api.w.org\/{rel}","templated":true}]}}