{"id":5581,"date":"2017-02-13T10:12:21","date_gmt":"2017-02-13T10:12:21","guid":{"rendered":"http:\/\/svot.ch\/?page_id=5581\/"},"modified":"2025-08-22T11:25:17","modified_gmt":"2025-08-22T10:25:17","slug":"en-devenir-membre","status":"publish","type":"page","link":"https:\/\/orthorehasuisse.ch\/fr\/en-devenir-membre\/","title":{"rendered":"Devenir membre"},"content":{"rendered":"[et_pb_section fb_built=\u00a0\u00bb1&Prime; custom_padding_last_edited=\u00a0\u00bbon|phone\u00a0\u00bb _builder_version=\u00a0\u00bb4.21.0&Prime; _module_preset=\u00a0\u00bbdefault\u00a0\u00bb use_background_color_gradient=\u00a0\u00bbon\u00a0\u00bb background_color_gradient_direction=\u00a0\u00bb90deg\u00a0\u00bb background_color_gradient_stops=\u00a0\u00bbrgba(216,216,216,0.75) 0%|rgba(41,196,169,0) 100%\u00a0\u00bb background_color_gradient_overlays_image=\u00a0\u00bbon\u00a0\u00bb background_image=\u00a0\u00bbhttps:\/\/orthorehasuisse.ch\/wp-content\/uploads\/2023\/06\/12ORS.jpg\u00a0\u00bb custom_padding=\u00a0\u00bb12vh||12vh||true|false\u00a0\u00bb custom_padding_tablet=\u00a0\u00bb150px||150px||true|false\u00a0\u00bb custom_padding_phone=\u00a0\u00bb100px||100px||true|false\u00a0\u00bb global_colors_info=\u00a0\u00bb{}\u00a0\u00bb][et_pb_row use_custom_gutter=\u00a0\u00bbon\u00a0\u00bb gutter_width=\u00a0\u00bb2&Prime; make_equal=\u00a0\u00bbon\u00a0\u00bb _builder_version=\u00a0\u00bb4.20.2&Prime; _module_preset=\u00a0\u00bbf4cf7bb6-e7dc-4aa2-b92b-da48402eecb0&Prime; custom_padding=\u00a0\u00bb0px||0px||true|false\u00a0\u00bb animation_direction=\u00a0\u00bbtop\u00a0\u00bb global_colors_info=\u00a0\u00bb{}\u00a0\u00bb][et_pb_column type=\u00a0\u00bb4_4&Prime; _builder_version=\u00a0\u00bb4.20.2&Prime; _module_preset=\u00a0\u00bbdefault\u00a0\u00bb global_colors_info=\u00a0\u00bb{}\u00a0\u00bb][et_pb_text _builder_version=\u00a0\u00bb4.22.1&Prime; _module_preset=\u00a0\u00bbdefault\u00a0\u00bb header_font_size=\u00a0\u00bb80px\u00a0\u00bb animation_style=\u00a0\u00bbslide\u00a0\u00bb animation_direction=\u00a0\u00bbleft\u00a0\u00bb header_font_size_tablet=\u00a0\u00bb60px\u00a0\u00bb header_font_size_phone=\u00a0\u00bb45px\u00a0\u00bb header_font_size_last_edited=\u00a0\u00bbon|phone\u00a0\u00bb text_text_shadow_style=\u00a0\u00bbpreset3&Prime; text_text_shadow_blur_strength=\u00a0\u00bb2em\u00a0\u00bb global_colors_info=\u00a0\u00bb{}\u00a0\u00bb]\n<div class=\"grid-row clearfix\">\n<div class=\"grid-col grid-col-12\">\n<section class=\"cws-widget\">\n<section class=\"cws_widget_content\">\n<h1>Devenir membre<\/h1>\n<p>&nbsp;<\/p>\n<\/section>\n<\/section>\n<\/div>\n<\/div>\n<div class=\"grid-row clearfix\">\n<div class=\"grid-col grid-col-12\">\n<section class=\"cws-widget\">\n<section class=\"cws_widget_content\">\u00a0<\/section>\n<\/section>\n<\/div>\n<\/div>\n[\/et_pb_text][\/et_pb_column][\/et_pb_row][\/et_pb_section][et_pb_section fb_built=\u00a0\u00bb1&Prime; custom_padding_last_edited=\u00a0\u00bbon|phone\u00a0\u00bb _builder_version=\u00a0\u00bb4.21.0&Prime; _module_preset=\u00a0\u00bbdefault\u00a0\u00bb background_color=\u00a0\u00bb#00ABA5&Prime; custom_margin=\u00a0\u00bb||||false|false\u00a0\u00bb custom_padding=\u00a0\u00bb27px||99px||false|false\u00a0\u00bb custom_padding_tablet=\u00a0\u00bb27px||99px||false|false\u00a0\u00bb custom_padding_phone=\u00a0\u00bb0px||||false|false\u00a0\u00bb global_colors_info=\u00a0\u00bb{}\u00a0\u00bb][et_pb_row column_structure=\u00a0\u00bb2_3,1_3&Prime; use_custom_gutter=\u00a0\u00bbon\u00a0\u00bb gutter_width=\u00a0\u00bb2&Prime; make_equal=\u00a0\u00bbon\u00a0\u00bb disabled_on=\u00a0\u00bbon|on|off\u00a0\u00bb _builder_version=\u00a0\u00bb4.21.0&Prime; _module_preset=\u00a0\u00bbf4cf7bb6-e7dc-4aa2-b92b-da48402eecb0&Prime; custom_margin=\u00a0\u00bb-150px||||false|false\u00a0\u00bb custom_margin_tablet=\u00a0\u00bb-102px||||false|false\u00a0\u00bb custom_margin_phone=\u00a0\u00bb-80px||||false|false\u00a0\u00bb custom_margin_last_edited=\u00a0\u00bbon|phone\u00a0\u00bb custom_padding=\u00a0\u00bb0px||0px||true|false\u00a0\u00bb global_colors_info=\u00a0\u00bb{}\u00a0\u00bb][et_pb_column type=\u00a0\u00bb2_3&Prime; _builder_version=\u00a0\u00bb4.16&Prime; _module_preset=\u00a0\u00bbdefault\u00a0\u00bb global_colors_info=\u00a0\u00bb{}\u00a0\u00bb][\/et_pb_column][et_pb_column type=\u00a0\u00bb1_3&Prime; _builder_version=\u00a0\u00bb4.16&Prime; _module_preset=\u00a0\u00bbdefault\u00a0\u00bb global_colors_info=\u00a0\u00bb{}\u00a0\u00bb][et_pb_icon font_icon=\u00a0\u00bb&#xf193;||fa||900&Prime; icon_color=\u00a0\u00bb#00ABA5&Prime; _builder_version=\u00a0\u00bb4.21.0&Prime; _module_preset=\u00a0\u00bbdefault\u00a0\u00bb background_color=\u00a0\u00bb#FFFFFF\u00a0\u00bb custom_padding=\u00a0\u00bb50px|50px|50px|50px|true|true\u00a0\u00bb animation_style=\u00a0\u00bbslide\u00a0\u00bb animation_direction=\u00a0\u00bbright\u00a0\u00bb border_radii=\u00a0\u00bbon|30px|30px|30px|30px\u00a0\u00bb global_colors_info=\u00a0\u00bb{}\u00a0\u00bb][\/et_pb_icon][\/et_pb_column][\/et_pb_row][et_pb_row column_structure=\u00a0\u00bb1_2,1_2&Prime; use_custom_gutter=\u00a0\u00bbon\u00a0\u00bb gutter_width=\u00a0\u00bb2&Prime; make_equal=\u00a0\u00bbon\u00a0\u00bb _builder_version=\u00a0\u00bb4.21.0&Prime; _module_preset=\u00a0\u00bbf4cf7bb6-e7dc-4aa2-b92b-da48402eecb0&Prime; custom_margin=\u00a0\u00bb||||false|false\u00a0\u00bb custom_padding=\u00a0\u00bb||0px||false|false\u00a0\u00bb global_colors_info=\u00a0\u00bb{}\u00a0\u00bb][et_pb_column type=\u00a0\u00bb1_2&Prime; _builder_version=\u00a0\u00bb4.16&Prime; _module_preset=\u00a0\u00bbdefault\u00a0\u00bb custom_padding_tablet=\u00a0\u00bb\u00a0\u00bb custom_padding_phone=\u00a0\u00bb50px||0px||false|false\u00a0\u00bb custom_padding_last_edited=\u00a0\u00bbon|phone\u00a0\u00bb animation_style=\u00a0\u00bbfade\u00a0\u00bb animation_delay=\u00a0\u00bb500ms\u00a0\u00bb animation_speed_curve=\u00a0\u00bbease\u00a0\u00bb global_colors_info=\u00a0\u00bb{}\u00a0\u00bb][et_pb_text _builder_version=\u00a0\u00bb4.22.1&Prime; _module_preset=\u00a0\u00bbdefault\u00a0\u00bb background_layout=\u00a0\u00bbdark\u00a0\u00bb max_width=\u00a0\u00bb494px\u00a0\u00bb max_width_tablet=\u00a0\u00bb100%\u00a0\u00bb max_width_phone=\u00a0\u00bb\u00a0\u00bb max_width_last_edited=\u00a0\u00bbon|phone\u00a0\u00bb module_alignment=\u00a0\u00bbleft\u00a0\u00bb global_colors_info=\u00a0\u00bb{}\u00a0\u00bb]\n<p><strong>Pourquoi adh\u00e9rer \u00e0 ORS ?<\/strong><\/p>\n<p>ORS est la seule association professionnelle qui repr\u00e9sente les int\u00e9r\u00eats de l&rsquo;orthop\u00e9die technique en Suisse. L\u2019adh\u00e9sion \u00e0 ORS comprend :<\/p>\n[\/et_pb_text][\/et_pb_column][et_pb_column type=\u00a0\u00bb1_2&Prime; _builder_version=\u00a0\u00bb4.16&Prime; _module_preset=\u00a0\u00bbdefault\u00a0\u00bb custom_padding=\u00a0\u00bb0px||||false|false\u00a0\u00bb custom_padding_tablet=\u00a0\u00bb25px||||false|false\u00a0\u00bb custom_padding_phone=\u00a0\u00bb25px||||false|false\u00a0\u00bb custom_padding_last_edited=\u00a0\u00bbon|phone\u00a0\u00bb animation_style=\u00a0\u00bbfade\u00a0\u00bb animation_delay=\u00a0\u00bb750ms\u00a0\u00bb animation_speed_curve=\u00a0\u00bbease\u00a0\u00bb global_colors_info=\u00a0\u00bb{}\u00a0\u00bb][et_pb_text _builder_version=\u00a0\u00bb4.22.1&Prime; _module_preset=\u00a0\u00bbdefault\u00a0\u00bb background_layout=\u00a0\u00bbdark\u00a0\u00bb max_width=\u00a0\u00bb494px\u00a0\u00bb max_width_tablet=\u00a0\u00bb100%\u00a0\u00bb max_width_phone=\u00a0\u00bb\u00a0\u00bb max_width_last_edited=\u00a0\u00bbon|phone\u00a0\u00bb module_alignment=\u00a0\u00bbleft\u00a0\u00bb global_colors_info=\u00a0\u00bb{}\u00a0\u00bb]\n<ul>\n<li>La repr\u00e9sentation de la branche vis-\u00e0-vis de la politique, du grand public, et d\u2019autres groupes d&rsquo;int\u00e9r\u00eat<\/li>\n<li>L\u2019acc\u00e8s \u00e0 des informations sp\u00e9cifiques de la branche et aux bases l\u00e9gales (solutions de branche CFST)<\/li>\n<li>Les concessions tarifaires pour le tarif ASTO, le tarif pour la remise de fauteuils roulants, ainsi que le tarif relatif aux modifications de chaussures orthop\u00e9diques, chaussures sp\u00e9ciales et supports plantaires<\/li>\n<li>Informations relatives \u00e0 la formation et \u00e0 la formation continue<\/li>\n<li>Acc\u00e8s au march\u00e9 de l\u2019emploi d\u2019ORS<\/li>\n<li>Soutien dans le domaine de la formation professionnelle<\/li>\n<li>Premier point de contact pour des questions d\u2019ordre juridique<\/li>\n<\/ul>\n<p>Les donn\u00e9es de base pour une adh\u00e9sion, les conditions \u00e0 remplir, les droits et les obligations des membres sont fix\u00e9s dans les statuts et dans les r\u00e8gles obligatoires pour tous les membres d\u2019ORS relatives \u00e0 l\u2019\u00e9thique professionnelle.\u00a0<\/p>\n[\/et_pb_text][\/et_pb_column][\/et_pb_row][\/et_pb_section][et_pb_section fb_built=\u00a0\u00bb1&Prime; _builder_version=\u00a0\u00bb4.21.0&Prime; _module_preset=\u00a0\u00bbdefault\u00a0\u00bb custom_padding=\u00a0\u00bb99px||120px||false|false\u00a0\u00bb global_colors_info=\u00a0\u00bb{}\u00a0\u00bb][et_pb_row use_custom_gutter=\u00a0\u00bbon\u00a0\u00bb gutter_width=\u00a0\u00bb2&Prime; make_equal=\u00a0\u00bbon\u00a0\u00bb _builder_version=\u00a0\u00bb4.16&Prime; _module_preset=\u00a0\u00bbf4cf7bb6-e7dc-4aa2-b92b-da48402eecb0&Prime; custom_padding=\u00a0\u00bb0px||0px||true|false\u00a0\u00bb global_colors_info=\u00a0\u00bb{}\u00a0\u00bb][et_pb_column type=\u00a0\u00bb4_4&Prime; _builder_version=\u00a0\u00bb4.16&Prime; _module_preset=\u00a0\u00bbdefault\u00a0\u00bb global_colors_info=\u00a0\u00bb{}\u00a0\u00bb][et_pb_text _builder_version=\u00a0\u00bb4.22.1&Prime; _module_preset=\u00a0\u00bbdefault\u00a0\u00bb header_2_text_align=\u00a0\u00bbcenter\u00a0\u00bb module_alignment=\u00a0\u00bbcenter\u00a0\u00bb header_2_font_size_tablet=\u00a0\u00bb45px\u00a0\u00bb header_2_font_size_phone=\u00a0\u00bb40px\u00a0\u00bb header_2_font_size_last_edited=\u00a0\u00bboff|desktop\u00a0\u00bb global_colors_info=\u00a0\u00bb{}\u00a0\u00bb]\n<h2>Comment devenir membre ?<\/h2>\n[\/et_pb_text][\/et_pb_column][\/et_pb_row][et_pb_row use_custom_gutter=\u00a0\u00bbon\u00a0\u00bb gutter_width=\u00a0\u00bb2&Prime; make_equal=\u00a0\u00bbon\u00a0\u00bb _builder_version=\u00a0\u00bb4.20.2&Prime; _module_preset=\u00a0\u00bbf4cf7bb6-e7dc-4aa2-b92b-da48402eecb0&Prime; custom_padding=\u00a0\u00bb50px||0px||false|false\u00a0\u00bb global_colors_info=\u00a0\u00bb{}\u00a0\u00bb][et_pb_column type=\u00a0\u00bb4_4&Prime; _builder_version=\u00a0\u00bb4.20.2&Prime; _module_preset=\u00a0\u00bbdefault\u00a0\u00bb border_color_all=\u00a0\u00bb#b2dded\u00a0\u00bb global_colors_info=\u00a0\u00bb{}\u00a0\u00bb][et_pb_text _builder_version=\u00a0\u00bb4.24.2&Prime; _module_preset=\u00a0\u00bbdefault\u00a0\u00bb global_colors_info=\u00a0\u00bb{}\u00a0\u00bb]\n<p>Chaque personne physique ou morale qui remplit les conditions statutaires et pr\u00e9sente une demande d\u2019admission, peut devenir membre d&rsquo;ORS.<\/p>\n<p>La\u00a0<a href=\"https:\/\/form.jotform.com\/230450619615049\" target=\"_blank\" rel=\"noopener\">formulaire d\u2019inscription<\/a>\u00a0doit \u00eatre enti\u00e8rement rempli et envoy\u00e9 au secr\u00e9tariat ORS. Les frais de traitement du dossier de CHF 500.- doivent \u00eatre pay\u00e9s \u00e0 la r\u00e9ception de la facture.<\/p>\n<p>Le comit\u00e9 examine la demande d\u2019admission et fait part de sa d\u00e9cision \u00e0 l\u2019int\u00e9ress\u00e9. Sur d\u00e9cision positive du comit\u00e9, l\u2019admission est mentionn\u00e9e dans la Newsletter ORS. Les membres ORS disposent alors d\u2019un d\u00e9lai de 20 jours pour se prononcer contre l\u2019admission d\u2019un nouveau membre. Dans un tel cas, il appartient \u00e0 l\u2019assembl\u00e9e g\u00e9n\u00e9rale de se prononcer sur l\u2019admission.<\/p>\n<p>Si aucune objection n&rsquo;est formul\u00e9e durant ce d\u00e9lai, le demandeur sera inform\u00e9 qu&rsquo;il est admis provisoirement apr\u00e8s avoir pay\u00e9 la cotisation d&rsquo;adh\u00e9sion \u00e0 ORS, qui s&rsquo;\u00e9l\u00e8ve actuellement \u00e0 CHF 2&rsquo;500.-, ainsi que la contribution unique en faveur de la fondation ORS d&rsquo;un montant de CHF 1&rsquo;000.-.<\/p>\n<p>L\u2019adh\u00e9sion provisoire dure deux ans. Au terme de ce d\u00e9lai, elle est transform\u00e9e en adh\u00e9sion d\u00e9finitive.<\/p>\n<p>Apr\u00e8s la premi\u00e8re ann\u00e9e et conform\u00e9ment \u00e0 la d\u00e9cision de l&rsquo;assembl\u00e9e g\u00e9n\u00e9rale, la cotisation annuelle est calcul\u00e9e en fonction de la masse salariale AVS de l&rsquo;entreprise, qui doit \u00eatre communiqu\u00e9e chaque ann\u00e9e au secr\u00e9tariat ORS.<\/p>\n<p><strong>Avez-vous des questions ?<\/strong><\/p>\n<p>N&rsquo;h\u00e9sitez pas \u00e0 nous contacter :<\/p>\n<p>Ortho Reha Suisse<br \/>T\u00e4gerhardring 8<br \/>5436 W\u00fcrenlos<\/p>\n<p>044 545 55 85<br \/>info@orthorehasuisse.ch<\/p>\n[\/et_pb_text][\/et_pb_column][\/et_pb_row][\/et_pb_section]\n","protected":false},"excerpt":{"rendered":"<p>Devenir membre &nbsp; \u00a0 Pourquoi adh\u00e9rer \u00e0 ORS ? ORS est la seule association professionnelle qui repr\u00e9sente les int\u00e9r\u00eats de l&rsquo;orthop\u00e9die technique en Suisse. L\u2019adh\u00e9sion \u00e0 ORS comprend : La repr\u00e9sentation de la branche vis-\u00e0-vis de la politique, du grand public, et d\u2019autres groupes d&rsquo;int\u00e9r\u00eat L\u2019acc\u00e8s \u00e0 des informations sp\u00e9cifiques de la branche et aux [&hellip;]<\/p>\n","protected":false},"author":491,"featured_media":0,"parent":0,"menu_order":0,"comment_status":"closed","ping_status":"closed","template":"","meta":{"_acf_changed":false,"_et_pb_use_builder":"on","_et_pb_old_content":"[cws-row cols=1 id=\"cols1\"][col span=12][cws-widget type=text title=\"\"]<p><strong>Weshalb lohnt sich ein Beitritt zu ORS?<\/strong><\/p>\r\n<p>ORS ist der einzige Branchenverband, welcher die Interessen der Orthop\u00e4die-Technik in der Schweiz vertritt. Die Mitgliedschaft bei ORS beinh\u00e4lt:<\/p>\r\n<p>\u00a0<\/p>\r\n<ul>\r\n<li style=\"padding-left: 60px;\">Die Vertretung der Branche gegen\u00fcber Politik, \u00d6ffentlichkeit, und weiterer Anspruchgruppen<\/li>\r\n<li style=\"padding-left: 60px;\">Den Zugang zu branchenspezifischen Informationen und gesetzlicher Grundlagen (EKAS-Branchenl\u00f6sung)<\/li>\r\n<li style=\"padding-left: 60px;\">Die Tarifkonzessionen f\u00fcr den SVOT-Tarif, den Tarif zur Abgabe von Rollst\u00fchlen, sowie den Tarif\u00a0\u00fcber Orthop\u00e4dischen Schuhzurichtungen, Spezialschuhen und Schuheinlagen<\/li>\r\n<li style=\"padding-left: 60px;\">Informationen zu den Themen Aus- und Weiterbildung<\/li>\r\n<li style=\"padding-left: 60px;\">Zugang zum Stellenmarkt des\u00a0ORS<\/li>\r\n<li style=\"padding-left: 60px;\">Unterst\u00fctzung im Bereich der Berufsbildung<\/li>\r\n<li style=\"padding-left: 60px;\">Erste Anlaufstelle bei rechtlichen Fragen<\/li>\r\n<\/ul>\r\n<p>\u00a0<\/p>\r\n<p>Die Grundlagen f\u00fcr die Mitgliedschaft, deren Bedingungen, Rechte und Pflichten sind in den Statuten sowie in den f\u00fcr alle ORS-Mitglieder verbindlichen Standesregeln festgehalten.<\/p>\r\n<p>\u00a0<\/p>\r\n<p><strong>Wie werde ich Mitglied?<\/strong><\/p>\r\n<p>Mitglied von ORS kann jede nat\u00fcrliche oder juristische Person werden, welche die Bedingungen der Statuten erf\u00fcllt und ein entsprechendes Gesucht stellt.<\/p>\r\n<p>Das <a href=\"https:\/\/orthorehasuisse.ch\/wp-content\/uploads\/2019\/10\/2019_10_02_Gesuch_um_Mitgliedschaft_in_ORS_D.docx\">Beitrittsformular<\/a> ist vollst\u00e4ndig ausgef\u00fcllt dem Sekretariat von ORS zuzustellen und die Bearbeitungsgeb\u00fchr von CHF 500.- ist nach Rechnungsstellung\u00a0 zu \u00fcberweisen.<\/p>\r\n<p>Der Vorstand beurteilt das Aufnahmegesuch und teilt die Entscheidung dem Antragssteller mit. Bei einer Zustimmung des Vorstandes wird die Aufnahme im ORS-Newsletter erw\u00e4hnt, woraufhin die Mitglieder\u00a0von ORS\u00a0eine Frist von 20 Tagen einger\u00e4umt wird, um sich gegen die Aufnahme eines Mitglieds auszusprechen. Diesfalls wird die Generalversammlung \u00fcber das Beitrittsgesuch abstimmen.<\/p>\r\n<p>Wird in dieser Frist keine Einsprache erhoben, wird dem Antragsteller mitgeteilt, dass er nach Bezahlen des Beitrittsbeitrages an ORS, welcher momentan CHF 2\u2018500.- betr\u00e4gt, sowie dem einmaligen Beitrag zu Gunsten der ORS-Stiftung im Umfang von CHF 1\u2018000.- provisorisch aufgenommen ist.<\/p>\r\n<p>Die provisorische Mitgliedschaft dauert 2 Jahre und wird dann in eine definitive Aufnahme umgewandelt.<\/p>\r\n<p>Nach dem ersten Jahr richtet sich der Jahresbeitrag gem\u00e4ss dem Beschluss der Generalversammlung nach der AHV-Lohnsumme des Betriebes, welche j\u00e4hrlich dem ORS-Sekretariat zu melden ist.<\/p>\r\n<p>\u00a0<\/p>\r\n<p><strong>Haben Sie Fragen?<\/strong><\/p>\r\n<p>Nehmen Sie Kontakt mit uns auf:<\/p>\r\n<p>Ortho Reha Suisse<br \/>Seefeldstrasse 283a<br \/>8008 Z\u00fcrich<\/p>\r\n<p>Telefon: +41 44 545 55 85<br \/>Fax: +41\u00a044 545 55 89<\/p>\r\n<p>\u00a0<\/p>[\/cws-widget][\/col][\/cws-row]","_et_gb_content_width":"","footnotes":""},"dipi_cpt_category":[],"simple-restrict-permission":[],"class_list":["post-5581","page","type-page","status-publish","hentry"],"acf":[],"yoast_head":"<!-- This site is optimized with the Yoast SEO plugin v25.6 - https:\/\/yoast.com\/wordpress\/plugins\/seo\/ -->\n<title>Devenir membre - Ortho Reha Schweiz Verband - ORS<\/title>\n<meta name=\"robots\" content=\"index, follow, max-snippet:-1, max-image-preview:large, max-video-preview:-1\" \/>\n<link rel=\"canonical\" href=\"https:\/\/orthorehasuisse.ch\/fr\/en-devenir-membre\/\" \/>\n<meta property=\"og:locale\" content=\"fr_FR\" \/>\n<meta property=\"og:type\" content=\"article\" \/>\n<meta property=\"og:title\" content=\"Devenir membre - Ortho Reha Schweiz Verband - ORS\" \/>\n<meta property=\"og:description\" content=\"Devenir membre &nbsp; \u00a0 Pourquoi adh\u00e9rer \u00e0 ORS ? ORS est la seule association professionnelle qui repr\u00e9sente les int\u00e9r\u00eats de l&#039;orthop\u00e9die technique en Suisse. L\u2019adh\u00e9sion \u00e0 ORS comprend : La repr\u00e9sentation de la branche vis-\u00e0-vis de la politique, du grand public, et d\u2019autres groupes d&#039;int\u00e9r\u00eat L\u2019acc\u00e8s \u00e0 des informations sp\u00e9cifiques de la branche et aux [&hellip;]\" \/>\n<meta property=\"og:site_name\" content=\"Ortho Reha Schweiz Verband - ORS\" \/>\n<meta property=\"article:modified_time\" content=\"2025-08-22T10:25:17+00:00\" \/>\n<meta name=\"twitter:card\" content=\"summary_large_image\" \/>\n<meta name=\"twitter:label1\" content=\"Dur\u00e9e de lecture estim\u00e9e\" \/>\n\t<meta name=\"twitter:data1\" content=\"4 minutes\" \/>\n<script type=\"application\/ld+json\" class=\"yoast-schema-graph\">{\"@context\":\"https:\/\/schema.org\",\"@graph\":[{\"@type\":\"WebPage\",\"@id\":\"https:\/\/orthorehasuisse.ch\/fr\/en-devenir-membre\/\",\"url\":\"https:\/\/orthorehasuisse.ch\/fr\/en-devenir-membre\/\",\"name\":\"Devenir membre - Ortho Reha Schweiz Verband - ORS\",\"isPartOf\":{\"@id\":\"https:\/\/orthorehasuisse.ch\/#website\"},\"datePublished\":\"2017-02-13T10:12:21+00:00\",\"dateModified\":\"2025-08-22T10:25:17+00:00\",\"breadcrumb\":{\"@id\":\"https:\/\/orthorehasuisse.ch\/fr\/en-devenir-membre\/#breadcrumb\"},\"inLanguage\":\"fr-FR\",\"potentialAction\":[{\"@type\":\"ReadAction\",\"target\":[\"https:\/\/orthorehasuisse.ch\/fr\/en-devenir-membre\/\"]}]},{\"@type\":\"BreadcrumbList\",\"@id\":\"https:\/\/orthorehasuisse.ch\/fr\/en-devenir-membre\/#breadcrumb\",\"itemListElement\":[{\"@type\":\"ListItem\",\"position\":1,\"name\":\"Startseite\",\"item\":\"https:\/\/orthorehasuisse.ch\/fr\/home\/\"},{\"@type\":\"ListItem\",\"position\":2,\"name\":\"Devenir membre\"}]},{\"@type\":\"WebSite\",\"@id\":\"https:\/\/orthorehasuisse.ch\/#website\",\"url\":\"https:\/\/orthorehasuisse.ch\/\",\"name\":\"Ortho Reha Schweiz Verband - ORS\",\"description\":\"Ortho Reha Suisse\",\"potentialAction\":[{\"@type\":\"SearchAction\",\"target\":{\"@type\":\"EntryPoint\",\"urlTemplate\":\"https:\/\/orthorehasuisse.ch\/?s={search_term_string}\"},\"query-input\":{\"@type\":\"PropertyValueSpecification\",\"valueRequired\":true,\"valueName\":\"search_term_string\"}}],\"inLanguage\":\"fr-FR\"}]}<\/script>\n<!-- \/ Yoast SEO plugin. -->","yoast_head_json":{"title":"Devenir membre - Ortho Reha Schweiz Verband - ORS","robots":{"index":"index","follow":"follow","max-snippet":"max-snippet:-1","max-image-preview":"max-image-preview:large","max-video-preview":"max-video-preview:-1"},"canonical":"https:\/\/orthorehasuisse.ch\/fr\/en-devenir-membre\/","og_locale":"fr_FR","og_type":"article","og_title":"Devenir membre - Ortho Reha Schweiz Verband - ORS","og_description":"Devenir membre &nbsp; \u00a0 Pourquoi adh\u00e9rer \u00e0 ORS ? ORS est la seule association professionnelle qui repr\u00e9sente les int\u00e9r\u00eats de l'orthop\u00e9die technique en Suisse. L\u2019adh\u00e9sion \u00e0 ORS comprend : La repr\u00e9sentation de la branche vis-\u00e0-vis de la politique, du grand public, et d\u2019autres groupes d'int\u00e9r\u00eat L\u2019acc\u00e8s \u00e0 des informations sp\u00e9cifiques de la branche et aux [&hellip;]","og_site_name":"Ortho Reha Schweiz Verband - ORS","article_modified_time":"2025-08-22T10:25:17+00:00","twitter_card":"summary_large_image","twitter_misc":{"Dur\u00e9e de lecture estim\u00e9e":"4 minutes"},"schema":{"@context":"https:\/\/schema.org","@graph":[{"@type":"WebPage","@id":"https:\/\/orthorehasuisse.ch\/fr\/en-devenir-membre\/","url":"https:\/\/orthorehasuisse.ch\/fr\/en-devenir-membre\/","name":"Devenir membre - Ortho Reha Schweiz Verband - ORS","isPartOf":{"@id":"https:\/\/orthorehasuisse.ch\/#website"},"datePublished":"2017-02-13T10:12:21+00:00","dateModified":"2025-08-22T10:25:17+00:00","breadcrumb":{"@id":"https:\/\/orthorehasuisse.ch\/fr\/en-devenir-membre\/#breadcrumb"},"inLanguage":"fr-FR","potentialAction":[{"@type":"ReadAction","target":["https:\/\/orthorehasuisse.ch\/fr\/en-devenir-membre\/"]}]},{"@type":"BreadcrumbList","@id":"https:\/\/orthorehasuisse.ch\/fr\/en-devenir-membre\/#breadcrumb","itemListElement":[{"@type":"ListItem","position":1,"name":"Startseite","item":"https:\/\/orthorehasuisse.ch\/fr\/home\/"},{"@type":"ListItem","position":2,"name":"Devenir membre"}]},{"@type":"WebSite","@id":"https:\/\/orthorehasuisse.ch\/#website","url":"https:\/\/orthorehasuisse.ch\/","name":"Ortho Reha Schweiz Verband - ORS","description":"Ortho Reha Suisse","potentialAction":[{"@type":"SearchAction","target":{"@type":"EntryPoint","urlTemplate":"https:\/\/orthorehasuisse.ch\/?s={search_term_string}"},"query-input":{"@type":"PropertyValueSpecification","valueRequired":true,"valueName":"search_term_string"}}],"inLanguage":"fr-FR"}]}},"_links":{"self":[{"href":"https:\/\/orthorehasuisse.ch\/fr\/wp-json\/wp\/v2\/pages\/5581","targetHints":{"allow":["GET"]}}],"collection":[{"href":"https:\/\/orthorehasuisse.ch\/fr\/wp-json\/wp\/v2\/pages"}],"about":[{"href":"https:\/\/orthorehasuisse.ch\/fr\/wp-json\/wp\/v2\/types\/page"}],"author":[{"embeddable":true,"href":"https:\/\/orthorehasuisse.ch\/fr\/wp-json\/wp\/v2\/users\/491"}],"replies":[{"embeddable":true,"href":"https:\/\/orthorehasuisse.ch\/fr\/wp-json\/wp\/v2\/comments?post=5581"}],"version-history":[{"count":24,"href":"https:\/\/orthorehasuisse.ch\/fr\/wp-json\/wp\/v2\/pages\/5581\/revisions"}],"predecessor-version":[{"id":17805,"href":"https:\/\/orthorehasuisse.ch\/fr\/wp-json\/wp\/v2\/pages\/5581\/revisions\/17805"}],"wp:attachment":[{"href":"https:\/\/orthorehasuisse.ch\/fr\/wp-json\/wp\/v2\/media?parent=5581"}],"wp:term":[{"taxonomy":"dipi_cpt_category","embeddable":true,"href":"https:\/\/orthorehasuisse.ch\/fr\/wp-json\/wp\/v2\/dipi_cpt_category?post=5581"},{"taxonomy":"simple-restrict-permission","embeddable":true,"href":"https:\/\/orthorehasuisse.ch\/fr\/wp-json\/wp\/v2\/simple-restrict-permission?post=5581"}],"curies":[{"name":"wp","href":"https:\/\/api.w.org\/{rel}","templated":true}]}}