{"id":5568,"date":"2017-02-10T14:13:02","date_gmt":"2017-02-10T14:13:02","guid":{"rendered":"http:\/\/svot.ch\/?page_id=5568\/"},"modified":"2023-10-29T20:26:22","modified_gmt":"2023-10-29T19:26:22","slug":"documentation","status":"publish","type":"page","link":"https:\/\/orthorehasuisse.ch\/fr\/documentation\/","title":{"rendered":"Documentation"},"content":{"rendered":"[et_pb_section fb_built=\u00a0\u00bb1&Prime; custom_padding_last_edited=\u00a0\u00bbon|phone\u00a0\u00bb _builder_version=\u00a0\u00bb4.21.0&Prime; _module_preset=\u00a0\u00bbdefault\u00a0\u00bb use_background_color_gradient=\u00a0\u00bbon\u00a0\u00bb background_color_gradient_direction=\u00a0\u00bb90deg\u00a0\u00bb background_color_gradient_stops=\u00a0\u00bbrgba(216,216,216,0.75) 0%|rgba(41,196,169,0) 100%\u00a0\u00bb background_color_gradient_overlays_image=\u00a0\u00bbon\u00a0\u00bb background_image=\u00a0\u00bbhttps:\/\/orthorehasuisse.ch\/wp-content\/uploads\/2023\/06\/23ORS.jpg\u00a0\u00bb background_position=\u00a0\u00bbbottom_center\u00a0\u00bb background_vertical_offset=\u00a0\u00bb35%\u00a0\u00bb custom_padding=\u00a0\u00bb12vh||12vh||true|false\u00a0\u00bb custom_padding_tablet=\u00a0\u00bb150px||150px||true|false\u00a0\u00bb custom_padding_phone=\u00a0\u00bb100px||100px||true|false\u00a0\u00bb locked=\u00a0\u00bboff\u00a0\u00bb global_colors_info=\u00a0\u00bb{}\u00a0\u00bb][et_pb_row use_custom_gutter=\u00a0\u00bbon\u00a0\u00bb gutter_width=\u00a0\u00bb2&Prime; make_equal=\u00a0\u00bbon\u00a0\u00bb _builder_version=\u00a0\u00bb4.20.2&Prime; _module_preset=\u00a0\u00bbf4cf7bb6-e7dc-4aa2-b92b-da48402eecb0&Prime; custom_padding=\u00a0\u00bb0px||0px||true|false\u00a0\u00bb animation_direction=\u00a0\u00bbtop\u00a0\u00bb global_colors_info=\u00a0\u00bb{}\u00a0\u00bb][et_pb_column type=\u00a0\u00bb4_4&Prime; _builder_version=\u00a0\u00bb4.20.2&Prime; _module_preset=\u00a0\u00bbdefault\u00a0\u00bb global_colors_info=\u00a0\u00bb{}\u00a0\u00bb][et_pb_text _builder_version=\u00a0\u00bb4.21.0&Prime; _module_preset=\u00a0\u00bbdefault\u00a0\u00bb header_font_size=\u00a0\u00bb80px\u00a0\u00bb animation_style=\u00a0\u00bbslide\u00a0\u00bb animation_direction=\u00a0\u00bbleft\u00a0\u00bb hover_enabled=\u00a0\u00bb0&Prime; header_font_size_tablet=\u00a0\u00bb60px\u00a0\u00bb header_font_size_phone=\u00a0\u00bb45px\u00a0\u00bb header_font_size_last_edited=\u00a0\u00bbon|phone\u00a0\u00bb text_text_shadow_style=\u00a0\u00bbpreset3&Prime; text_text_shadow_blur_strength=\u00a0\u00bb2em\u00a0\u00bb global_colors_info=\u00a0\u00bb{}\u00a0\u00bb sticky_enabled=\u00a0\u00bb0&Prime;]\n<h1>Documentation<\/h1>\n[\/et_pb_text][\/et_pb_column][\/et_pb_row][\/et_pb_section][et_pb_section fb_built=\u00a0\u00bb1&Prime; custom_padding_last_edited=\u00a0\u00bbon|phone\u00a0\u00bb _builder_version=\u00a0\u00bb4.21.0&Prime; _module_preset=\u00a0\u00bbdefault\u00a0\u00bb background_color=\u00a0\u00bb#00ABA5&Prime; custom_margin=\u00a0\u00bb||||false|false\u00a0\u00bb custom_padding=\u00a0\u00bb27px||99px||false|false\u00a0\u00bb custom_padding_tablet=\u00a0\u00bb27px||99px||false|false\u00a0\u00bb custom_padding_phone=\u00a0\u00bb0px||||false|false\u00a0\u00bb locked=\u00a0\u00bboff\u00a0\u00bb global_colors_info=\u00a0\u00bb{}\u00a0\u00bb][et_pb_row column_structure=\u00a0\u00bb2_3,1_3&Prime; use_custom_gutter=\u00a0\u00bbon\u00a0\u00bb gutter_width=\u00a0\u00bb2&Prime; make_equal=\u00a0\u00bbon\u00a0\u00bb disabled_on=\u00a0\u00bbon|on|off\u00a0\u00bb _builder_version=\u00a0\u00bb4.21.0&Prime; _module_preset=\u00a0\u00bbf4cf7bb6-e7dc-4aa2-b92b-da48402eecb0&Prime; custom_margin=\u00a0\u00bb-150px||||false|false\u00a0\u00bb custom_margin_tablet=\u00a0\u00bb-102px||||false|false\u00a0\u00bb custom_margin_phone=\u00a0\u00bb-80px||||false|false\u00a0\u00bb custom_margin_last_edited=\u00a0\u00bbon|phone\u00a0\u00bb custom_padding=\u00a0\u00bb0px||0px||true|false\u00a0\u00bb global_colors_info=\u00a0\u00bb{}\u00a0\u00bb][et_pb_column type=\u00a0\u00bb2_3&Prime; _builder_version=\u00a0\u00bb4.16&Prime; _module_preset=\u00a0\u00bbdefault\u00a0\u00bb global_colors_info=\u00a0\u00bb{}\u00a0\u00bb][\/et_pb_column][et_pb_column type=\u00a0\u00bb1_3&Prime; _builder_version=\u00a0\u00bb4.16&Prime; _module_preset=\u00a0\u00bbdefault\u00a0\u00bb global_colors_info=\u00a0\u00bb{}\u00a0\u00bb][et_pb_icon font_icon=\u00a0\u00bb&#xf193;||fa||900&Prime; icon_color=\u00a0\u00bb#00ABA5&Prime; _builder_version=\u00a0\u00bb4.21.0&Prime; _module_preset=\u00a0\u00bbdefault\u00a0\u00bb background_color=\u00a0\u00bb#FFFFFF\u00a0\u00bb custom_padding=\u00a0\u00bb50px|50px|50px|50px|true|true\u00a0\u00bb animation_style=\u00a0\u00bbslide\u00a0\u00bb animation_direction=\u00a0\u00bbright\u00a0\u00bb border_radii=\u00a0\u00bbon|30px|30px|30px|30px\u00a0\u00bb global_colors_info=\u00a0\u00bb{}\u00a0\u00bb][\/et_pb_icon][\/et_pb_column][\/et_pb_row][et_pb_row column_structure=\u00a0\u00bb1_2,1_2&Prime; use_custom_gutter=\u00a0\u00bbon\u00a0\u00bb gutter_width=\u00a0\u00bb2&Prime; make_equal=\u00a0\u00bbon\u00a0\u00bb _builder_version=\u00a0\u00bb4.21.0&Prime; _module_preset=\u00a0\u00bbf4cf7bb6-e7dc-4aa2-b92b-da48402eecb0&Prime; custom_margin=\u00a0\u00bb||||false|false\u00a0\u00bb custom_padding=\u00a0\u00bb||0px||false|false\u00a0\u00bb global_colors_info=\u00a0\u00bb{}\u00a0\u00bb][et_pb_column type=\u00a0\u00bb1_2&Prime; _builder_version=\u00a0\u00bb4.16&Prime; _module_preset=\u00a0\u00bbdefault\u00a0\u00bb custom_padding_tablet=\u00a0\u00bb\u00a0\u00bb custom_padding_phone=\u00a0\u00bb50px||0px||false|false\u00a0\u00bb custom_padding_last_edited=\u00a0\u00bbon|phone\u00a0\u00bb animation_style=\u00a0\u00bbfade\u00a0\u00bb animation_delay=\u00a0\u00bb500ms\u00a0\u00bb animation_speed_curve=\u00a0\u00bbease\u00a0\u00bb global_colors_info=\u00a0\u00bb{}\u00a0\u00bb][et_pb_text _builder_version=\u00a0\u00bb4.22.1&Prime; _module_preset=\u00a0\u00bbdefault\u00a0\u00bb background_layout=\u00a0\u00bbdark\u00a0\u00bb max_width=\u00a0\u00bb494px\u00a0\u00bb max_width_tablet=\u00a0\u00bb100%\u00a0\u00bb max_width_phone=\u00a0\u00bb\u00a0\u00bb max_width_last_edited=\u00a0\u00bbon|phone\u00a0\u00bb module_alignment=\u00a0\u00bbleft\u00a0\u00bb hover_enabled=\u00a0\u00bb0&Prime; global_colors_info=\u00a0\u00bb{}\u00a0\u00bb sticky_enabled=\u00a0\u00bb0&Prime;]\n<p>La brochure s\u2019adresse tant aux personnes concern\u00e9es qu\u2019aux personnes int\u00e9ress\u00e9es. \u00c0 l&rsquo;aide d&rsquo;exemples concrets, elle informe sur les diff\u00e9rents domaines d&rsquo;intervention de l&rsquo;orthop\u00e9die technique et pr\u00e9sente de mani\u00e8re claire les possibilit\u00e9s de formation sp\u00e9cifiques au secteur.<\/p>\n[\/et_pb_text][\/et_pb_column][et_pb_column type=\u00a0\u00bb1_2&Prime; _builder_version=\u00a0\u00bb4.16&Prime; _module_preset=\u00a0\u00bbdefault\u00a0\u00bb custom_padding=\u00a0\u00bb0px||||false|false\u00a0\u00bb custom_padding_tablet=\u00a0\u00bb25px||||false|false\u00a0\u00bb custom_padding_phone=\u00a0\u00bb25px||||false|false\u00a0\u00bb custom_padding_last_edited=\u00a0\u00bbon|phone\u00a0\u00bb animation_style=\u00a0\u00bbfade\u00a0\u00bb animation_delay=\u00a0\u00bb750ms\u00a0\u00bb animation_speed_curve=\u00a0\u00bbease\u00a0\u00bb global_colors_info=\u00a0\u00bb{}\u00a0\u00bb][et_pb_text _builder_version=\u00a0\u00bb4.22.1&Prime; _module_preset=\u00a0\u00bbdefault\u00a0\u00bb link_text_color=\u00a0\u00bb#FFFFFF\u00a0\u00bb background_layout=\u00a0\u00bbdark\u00a0\u00bb max_width=\u00a0\u00bb494px\u00a0\u00bb max_width_tablet=\u00a0\u00bb100%\u00a0\u00bb max_width_phone=\u00a0\u00bb\u00a0\u00bb max_width_last_edited=\u00a0\u00bbon|phone\u00a0\u00bb module_alignment=\u00a0\u00bbleft\u00a0\u00bb hover_enabled=\u00a0\u00bb0&Prime; global_colors_info=\u00a0\u00bb{}\u00a0\u00bb sticky_enabled=\u00a0\u00bb0&Prime;]\n<h3>Brochure d&rsquo;information<\/h3>\n<p>Vous pouvez t\u00e9l\u00e9charger ici la brochure officielle d&rsquo;ORS contenant des informations g\u00e9n\u00e9rales sur l&rsquo;orthop\u00e9die technique et sur notre association.\u00a0<\/p>\n<h3>Commander la brochure<\/h3>\n<p><a href=\"https:\/\/form.jotform.com\/232961628349062\" target=\"_blank\" rel=\"noopener\">Formulaire de commande<\/a><\/p>\n<p><a href=\"https:\/\/orthorehasuisse.ch\/wp-content\/uploads\/2020\/02\/ors_ausbildung_144_d.pdf\"><img loading=\"lazy\" decoding=\"async\" class=\"alignnone wp-image-8950\" src=\"https:\/\/orthorehasuisse.ch\/wp-content\/uploads\/2020\/02\/Bild-Titelseite-DE-e1580898741505.png\" alt=\"\" width=\"110\" height=\"157\" \/> \u00a0<\/a>\u00a0<a href=\"https:\/\/orthorehasuisse.ch\/wp-content\/uploads\/2020\/02\/ors_ausbildung_144_f.pdf\"><img loading=\"lazy\" decoding=\"async\" class=\"alignnone wp-image-8951 \" src=\"https:\/\/orthorehasuisse.ch\/wp-content\/uploads\/2020\/02\/Bild-Titelseite-FR-e1580898973725.png\" alt=\"\" width=\"110\" height=\"156\" \/> <\/a>\u00a0\u00a0<a href=\"https:\/\/orthorehasuisse.ch\/wp-content\/uploads\/2020\/02\/ors_ausbildung_144_i.pdf\"><img loading=\"lazy\" decoding=\"async\" class=\"alignnone wp-image-8949 \" src=\"https:\/\/orthorehasuisse.ch\/wp-content\/uploads\/2020\/02\/Bild-Titelseite-IT-e1580899049278.png\" alt=\"\" width=\"110\" height=\"157\" \/><\/a><\/p>\n[\/et_pb_text][\/et_pb_column][\/et_pb_row][\/et_pb_section]\n","protected":false},"excerpt":{"rendered":"<p>DocumentationLa brochure s\u2019adresse tant aux personnes concern\u00e9es qu\u2019aux personnes int\u00e9ress\u00e9es. \u00c0 l&rsquo;aide d&rsquo;exemples concrets, elle informe sur les diff\u00e9rents domaines d&rsquo;intervention de l&rsquo;orthop\u00e9die technique et pr\u00e9sente de mani\u00e8re claire les possibilit\u00e9s de formation sp\u00e9cifiques au secteur.Brochure d&rsquo;information Vous pouvez t\u00e9l\u00e9charger ici la brochure officielle d&rsquo;ORS contenant des informations g\u00e9n\u00e9rales sur l&rsquo;orthop\u00e9die technique et sur notre [&hellip;]<\/p>\n","protected":false},"author":491,"featured_media":0,"parent":0,"menu_order":0,"comment_status":"closed","ping_status":"closed","template":"","meta":{"_acf_changed":false,"_et_pb_use_builder":"on","_et_pb_old_content":"[cws-row cols=1 id=\"cols1\"][col span=12][cws-widget type=text title=\"\"]<p>Die Brosch\u00fcre richtet sich sowohl an Betroffene als auch an Interessierte. Sie informiert anhand von eindr\u00fccklichen Einzelbeispielen \u00fcber die unterschiedlichen Einsatzbereiche der Orthop\u00e4die-Technik und zeigt in \u00fcbersichtlicher Form die branchenspezifischen Ausbildungsm\u00f6glichkeiten auf.<\/p>[\/cws-widget][\/col][\/cws-row][cws-row cols=312 id=\"cols312\"][col span=4][cws-widget type=text title=\"\"]<div class=\"box-white\"><h3>Informationsbrosch\u00fcre<\/h3><p>Hier finden Sie die offizielle Brosch\u00fcre\u00a0von\u00a0ORS mit allgemeinen Informationen zur Orthop\u00e4die-Technik und zu unserem Verband als Download.<\/p><h3>Brosch\u00fcren bestellen<\/h3><p><a href=\"https:\/\/form.jotformeu.com\/93394141744359\">Bestellformular<\/a><\/p><p><a href=\"https:\/\/form.jotform.com\/193423605201346\">Formulaire de commande<\/a><\/p><\/div>[\/cws-widget][\/col][col span=8][cws-widget type=text title=\"\"]<p><a href=\"https:\/\/orthorehasuisse.ch\/wp-content\/uploads\/2020\/02\/ors_ausbildung_144_d.pdf\"><img class=\"alignnone wp-image-8950\" src=\"https:\/\/orthorehasuisse.ch\/wp-content\/uploads\/2020\/02\/Bild-Titelseite-DE-e1580898741505.png\" alt=\"\" width=\"238\" height=\"338\" \/> \u00a0<\/a>\u00a0<a href=\"https:\/\/orthorehasuisse.ch\/wp-content\/uploads\/2020\/02\/ors_ausbildung_144_f.pdf\"><img class=\"alignnone wp-image-8951 \" src=\"https:\/\/orthorehasuisse.ch\/wp-content\/uploads\/2020\/02\/Bild-Titelseite-FR-e1580898973725.png\" alt=\"\" width=\"238\" height=\"337\" \/> <\/a>\u00a0\u00a0<a href=\"https:\/\/orthorehasuisse.ch\/wp-content\/uploads\/2020\/02\/ors_ausbildung_144_i.pdf\"><img class=\"alignnone wp-image-8949 \" src=\"https:\/\/orthorehasuisse.ch\/wp-content\/uploads\/2020\/02\/Bild-Titelseite-IT-e1580899049278.png\" alt=\"\" width=\"237\" height=\"337\" \/><\/a><\/p>[\/cws-widget][\/col][\/cws-row]","_et_gb_content_width":"","footnotes":""},"dipi_cpt_category":[],"simple-restrict-permission":[],"class_list":["post-5568","page","type-page","status-publish","hentry"],"acf":[],"yoast_head":"<!-- This site is optimized with the Yoast SEO plugin v25.6 - https:\/\/yoast.com\/wordpress\/plugins\/seo\/ -->\n<title>Documentation - Ortho Reha Schweiz Verband - ORS<\/title>\n<meta name=\"robots\" content=\"index, follow, max-snippet:-1, max-image-preview:large, max-video-preview:-1\" \/>\n<link rel=\"canonical\" href=\"https:\/\/orthorehasuisse.ch\/fr\/documentation\/\" \/>\n<meta property=\"og:locale\" content=\"fr_FR\" \/>\n<meta property=\"og:type\" content=\"article\" \/>\n<meta property=\"og:title\" content=\"Documentation - Ortho Reha Schweiz Verband - ORS\" \/>\n<meta property=\"og:description\" content=\"DocumentationLa brochure s\u2019adresse tant aux personnes concern\u00e9es qu\u2019aux personnes int\u00e9ress\u00e9es. \u00c0 l&#039;aide d&#039;exemples concrets, elle informe sur les diff\u00e9rents domaines d&#039;intervention de l&#039;orthop\u00e9die technique et pr\u00e9sente de mani\u00e8re claire les possibilit\u00e9s de formation sp\u00e9cifiques au secteur.Brochure d&#039;information Vous pouvez t\u00e9l\u00e9charger ici la brochure officielle d&#039;ORS contenant des informations g\u00e9n\u00e9rales sur l&#039;orthop\u00e9die technique et sur notre [&hellip;]\" \/>\n<meta property=\"og:site_name\" content=\"Ortho Reha Schweiz Verband - ORS\" \/>\n<meta property=\"article:modified_time\" content=\"2023-10-29T19:26:22+00:00\" \/>\n<meta property=\"og:image\" content=\"https:\/\/orthorehasuisse.ch\/wp-content\/uploads\/2020\/02\/Bild-Titelseite-DE-e1580898741505.png\" \/>\n<meta name=\"twitter:card\" content=\"summary_large_image\" \/>\n<meta name=\"twitter:label1\" content=\"Dur\u00e9e de lecture estim\u00e9e\" \/>\n\t<meta name=\"twitter:data1\" content=\"2 minutes\" \/>\n<script type=\"application\/ld+json\" class=\"yoast-schema-graph\">{\"@context\":\"https:\/\/schema.org\",\"@graph\":[{\"@type\":\"WebPage\",\"@id\":\"https:\/\/orthorehasuisse.ch\/fr\/documentation\/\",\"url\":\"https:\/\/orthorehasuisse.ch\/fr\/documentation\/\",\"name\":\"Documentation - Ortho Reha Schweiz Verband - ORS\",\"isPartOf\":{\"@id\":\"https:\/\/orthorehasuisse.ch\/#website\"},\"primaryImageOfPage\":{\"@id\":\"https:\/\/orthorehasuisse.ch\/fr\/documentation\/#primaryimage\"},\"image\":{\"@id\":\"https:\/\/orthorehasuisse.ch\/fr\/documentation\/#primaryimage\"},\"thumbnailUrl\":\"https:\/\/orthorehasuisse.ch\/wp-content\/uploads\/2020\/02\/Bild-Titelseite-DE-e1580898741505.png\",\"datePublished\":\"2017-02-10T14:13:02+00:00\",\"dateModified\":\"2023-10-29T19:26:22+00:00\",\"breadcrumb\":{\"@id\":\"https:\/\/orthorehasuisse.ch\/fr\/documentation\/#breadcrumb\"},\"inLanguage\":\"fr-FR\",\"potentialAction\":[{\"@type\":\"ReadAction\",\"target\":[\"https:\/\/orthorehasuisse.ch\/fr\/documentation\/\"]}]},{\"@type\":\"ImageObject\",\"inLanguage\":\"fr-FR\",\"@id\":\"https:\/\/orthorehasuisse.ch\/fr\/documentation\/#primaryimage\",\"url\":\"https:\/\/orthorehasuisse.ch\/wp-content\/uploads\/2020\/02\/Bild-Titelseite-DE-e1580898741505.png\",\"contentUrl\":\"https:\/\/orthorehasuisse.ch\/wp-content\/uploads\/2020\/02\/Bild-Titelseite-DE-e1580898741505.png\"},{\"@type\":\"BreadcrumbList\",\"@id\":\"https:\/\/orthorehasuisse.ch\/fr\/documentation\/#breadcrumb\",\"itemListElement\":[{\"@type\":\"ListItem\",\"position\":1,\"name\":\"Startseite\",\"item\":\"https:\/\/orthorehasuisse.ch\/fr\/home\/\"},{\"@type\":\"ListItem\",\"position\":2,\"name\":\"Documentation\"}]},{\"@type\":\"WebSite\",\"@id\":\"https:\/\/orthorehasuisse.ch\/#website\",\"url\":\"https:\/\/orthorehasuisse.ch\/\",\"name\":\"Ortho Reha Schweiz Verband - ORS\",\"description\":\"Ortho Reha Suisse\",\"potentialAction\":[{\"@type\":\"SearchAction\",\"target\":{\"@type\":\"EntryPoint\",\"urlTemplate\":\"https:\/\/orthorehasuisse.ch\/?s={search_term_string}\"},\"query-input\":{\"@type\":\"PropertyValueSpecification\",\"valueRequired\":true,\"valueName\":\"search_term_string\"}}],\"inLanguage\":\"fr-FR\"}]}<\/script>\n<!-- \/ Yoast SEO plugin. -->","yoast_head_json":{"title":"Documentation - Ortho Reha Schweiz Verband - ORS","robots":{"index":"index","follow":"follow","max-snippet":"max-snippet:-1","max-image-preview":"max-image-preview:large","max-video-preview":"max-video-preview:-1"},"canonical":"https:\/\/orthorehasuisse.ch\/fr\/documentation\/","og_locale":"fr_FR","og_type":"article","og_title":"Documentation - Ortho Reha Schweiz Verband - ORS","og_description":"DocumentationLa brochure s\u2019adresse tant aux personnes concern\u00e9es qu\u2019aux personnes int\u00e9ress\u00e9es. \u00c0 l'aide d'exemples concrets, elle informe sur les diff\u00e9rents domaines d'intervention de l'orthop\u00e9die technique et pr\u00e9sente de mani\u00e8re claire les possibilit\u00e9s de formation sp\u00e9cifiques au secteur.Brochure d'information Vous pouvez t\u00e9l\u00e9charger ici la brochure officielle d'ORS contenant des informations g\u00e9n\u00e9rales sur l'orthop\u00e9die technique et sur notre [&hellip;]","og_site_name":"Ortho Reha Schweiz Verband - ORS","article_modified_time":"2023-10-29T19:26:22+00:00","og_image":[{"url":"https:\/\/orthorehasuisse.ch\/wp-content\/uploads\/2020\/02\/Bild-Titelseite-DE-e1580898741505.png","type":"","width":"","height":""}],"twitter_card":"summary_large_image","twitter_misc":{"Dur\u00e9e de lecture estim\u00e9e":"2 minutes"},"schema":{"@context":"https:\/\/schema.org","@graph":[{"@type":"WebPage","@id":"https:\/\/orthorehasuisse.ch\/fr\/documentation\/","url":"https:\/\/orthorehasuisse.ch\/fr\/documentation\/","name":"Documentation - Ortho Reha Schweiz Verband - ORS","isPartOf":{"@id":"https:\/\/orthorehasuisse.ch\/#website"},"primaryImageOfPage":{"@id":"https:\/\/orthorehasuisse.ch\/fr\/documentation\/#primaryimage"},"image":{"@id":"https:\/\/orthorehasuisse.ch\/fr\/documentation\/#primaryimage"},"thumbnailUrl":"https:\/\/orthorehasuisse.ch\/wp-content\/uploads\/2020\/02\/Bild-Titelseite-DE-e1580898741505.png","datePublished":"2017-02-10T14:13:02+00:00","dateModified":"2023-10-29T19:26:22+00:00","breadcrumb":{"@id":"https:\/\/orthorehasuisse.ch\/fr\/documentation\/#breadcrumb"},"inLanguage":"fr-FR","potentialAction":[{"@type":"ReadAction","target":["https:\/\/orthorehasuisse.ch\/fr\/documentation\/"]}]},{"@type":"ImageObject","inLanguage":"fr-FR","@id":"https:\/\/orthorehasuisse.ch\/fr\/documentation\/#primaryimage","url":"https:\/\/orthorehasuisse.ch\/wp-content\/uploads\/2020\/02\/Bild-Titelseite-DE-e1580898741505.png","contentUrl":"https:\/\/orthorehasuisse.ch\/wp-content\/uploads\/2020\/02\/Bild-Titelseite-DE-e1580898741505.png"},{"@type":"BreadcrumbList","@id":"https:\/\/orthorehasuisse.ch\/fr\/documentation\/#breadcrumb","itemListElement":[{"@type":"ListItem","position":1,"name":"Startseite","item":"https:\/\/orthorehasuisse.ch\/fr\/home\/"},{"@type":"ListItem","position":2,"name":"Documentation"}]},{"@type":"WebSite","@id":"https:\/\/orthorehasuisse.ch\/#website","url":"https:\/\/orthorehasuisse.ch\/","name":"Ortho Reha Schweiz Verband - ORS","description":"Ortho Reha Suisse","potentialAction":[{"@type":"SearchAction","target":{"@type":"EntryPoint","urlTemplate":"https:\/\/orthorehasuisse.ch\/?s={search_term_string}"},"query-input":{"@type":"PropertyValueSpecification","valueRequired":true,"valueName":"search_term_string"}}],"inLanguage":"fr-FR"}]}},"_links":{"self":[{"href":"https:\/\/orthorehasuisse.ch\/fr\/wp-json\/wp\/v2\/pages\/5568","targetHints":{"allow":["GET"]}}],"collection":[{"href":"https:\/\/orthorehasuisse.ch\/fr\/wp-json\/wp\/v2\/pages"}],"about":[{"href":"https:\/\/orthorehasuisse.ch\/fr\/wp-json\/wp\/v2\/types\/page"}],"author":[{"embeddable":true,"href":"https:\/\/orthorehasuisse.ch\/fr\/wp-json\/wp\/v2\/users\/491"}],"replies":[{"embeddable":true,"href":"https:\/\/orthorehasuisse.ch\/fr\/wp-json\/wp\/v2\/comments?post=5568"}],"version-history":[{"count":12,"href":"https:\/\/orthorehasuisse.ch\/fr\/wp-json\/wp\/v2\/pages\/5568\/revisions"}],"predecessor-version":[{"id":15016,"href":"https:\/\/orthorehasuisse.ch\/fr\/wp-json\/wp\/v2\/pages\/5568\/revisions\/15016"}],"wp:attachment":[{"href":"https:\/\/orthorehasuisse.ch\/fr\/wp-json\/wp\/v2\/media?parent=5568"}],"wp:term":[{"taxonomy":"dipi_cpt_category","embeddable":true,"href":"https:\/\/orthorehasuisse.ch\/fr\/wp-json\/wp\/v2\/dipi_cpt_category?post=5568"},{"taxonomy":"simple-restrict-permission","embeddable":true,"href":"https:\/\/orthorehasuisse.ch\/fr\/wp-json\/wp\/v2\/simple-restrict-permission?post=5568"}],"curies":[{"name":"wp","href":"https:\/\/api.w.org\/{rel}","templated":true}]}}