{"id":5278,"date":"2017-02-16T11:25:33","date_gmt":"2017-02-16T10:25:33","guid":{"rendered":"http:\/\/svot.coservice.ch\/?page_id=5278\/"},"modified":"2023-08-17T08:14:36","modified_gmt":"2023-08-17T07:14:36","slug":"mentions-legales","status":"publish","type":"page","link":"https:\/\/orthorehasuisse.ch\/fr\/mentions-legales\/","title":{"rendered":"Mentions l\u00e9gales"},"content":{"rendered":"[et_pb_section fb_built=\u00a0\u00bb1&Prime; custom_padding_last_edited=\u00a0\u00bbon|phone\u00a0\u00bb _builder_version=\u00a0\u00bb4.21.0&Prime; _module_preset=\u00a0\u00bbdefault\u00a0\u00bb use_background_color_gradient=\u00a0\u00bbon\u00a0\u00bb background_color_gradient_direction=\u00a0\u00bb90deg\u00a0\u00bb background_color_gradient_stops=\u00a0\u00bbrgba(216,216,216,0.75) 0%|rgba(41,196,169,0) 100%\u00a0\u00bb background_color_gradient_overlays_image=\u00a0\u00bbon\u00a0\u00bb background_image=\u00a0\u00bbhttps:\/\/orthorehasuisse.ch\/wp-content\/uploads\/2023\/03\/iStock-542968610.jpg\u00a0\u00bb background_position=\u00a0\u00bbbottom_center\u00a0\u00bb background_vertical_offset=\u00a0\u00bb15%\u00a0\u00bb custom_padding=\u00a0\u00bb11vh||11vh||true|false\u00a0\u00bb custom_padding_tablet=\u00a0\u00bb150px||150px||true|false\u00a0\u00bb custom_padding_phone=\u00a0\u00bb100px||100px||true|false\u00a0\u00bb global_colors_info=\u00a0\u00bb{}\u00a0\u00bb][et_pb_row use_custom_gutter=\u00a0\u00bbon\u00a0\u00bb gutter_width=\u00a0\u00bb2&Prime; make_equal=\u00a0\u00bbon\u00a0\u00bb _builder_version=\u00a0\u00bb4.20.2&Prime; _module_preset=\u00a0\u00bbdefault\u00a0\u00bb custom_padding=\u00a0\u00bb0px||0px||true|false\u00a0\u00bb animation_direction=\u00a0\u00bbtop\u00a0\u00bb global_colors_info=\u00a0\u00bb{}\u00a0\u00bb][et_pb_column type=\u00a0\u00bb4_4&Prime; _builder_version=\u00a0\u00bb4.20.2&Prime; _module_preset=\u00a0\u00bbdefault\u00a0\u00bb global_colors_info=\u00a0\u00bb{}\u00a0\u00bb][et_pb_text _builder_version=\u00a0\u00bb4.21.0&Prime; _dynamic_attributes=\u00a0\u00bbcontent\u00a0\u00bb _module_preset=\u00a0\u00bbdefault\u00a0\u00bb header_font_size=\u00a0\u00bb80px\u00a0\u00bb animation_style=\u00a0\u00bbslide\u00a0\u00bb animation_direction=\u00a0\u00bbleft\u00a0\u00bb hover_enabled=\u00a0\u00bb0&Prime; header_font_size_tablet=\u00a0\u00bb60px\u00a0\u00bb header_font_size_phone=\u00a0\u00bb45px\u00a0\u00bb header_font_size_last_edited=\u00a0\u00bbon|phone\u00a0\u00bb text_text_shadow_style=\u00a0\u00bbpreset3&Prime; text_text_shadow_blur_strength=\u00a0\u00bb2em\u00a0\u00bb global_colors_info=\u00a0\u00bb{}\u00a0\u00bb sticky_enabled=\u00a0\u00bb0&Prime;]@ET-DC@eyJkeW5hbWljIjp0cnVlLCJjb250ZW50IjoicG9zdF90aXRsZSIsInNldHRpbmdzIjp7ImJlZm9yZSI6IjxoMT4iLCJhZnRlciI6IjwvaDE+In19@[\/et_pb_text][\/et_pb_column][\/et_pb_row][\/et_pb_section][et_pb_section fb_built=\u00a0\u00bb1&Prime; admin_label=\u00a0\u00bbsection\u00a0\u00bb _builder_version=\u00a0\u00bb4.16&Prime; global_colors_info=\u00a0\u00bb{}\u00a0\u00bb][et_pb_row admin_label=\u00a0\u00bbrow\u00a0\u00bb _builder_version=\u00a0\u00bb4.16&Prime; background_size=\u00a0\u00bbinitial\u00a0\u00bb background_position=\u00a0\u00bbtop_left\u00a0\u00bb background_repeat=\u00a0\u00bbrepeat\u00a0\u00bb global_colors_info=\u00a0\u00bb{}\u00a0\u00bb][et_pb_column type=\u00a0\u00bb4_4&Prime; _builder_version=\u00a0\u00bb4.16&Prime; custom_padding=\u00a0\u00bb|||\u00a0\u00bb global_colors_info=\u00a0\u00bb{}\u00a0\u00bb custom_padding__hover=\u00a0\u00bb|||\u00a0\u00bb][et_pb_text admin_label=\u00a0\u00bbText\u00a0\u00bb _builder_version=\u00a0\u00bb4.21.0&Prime; background_size=\u00a0\u00bbinitial\u00a0\u00bb background_position=\u00a0\u00bbtop_left\u00a0\u00bb background_repeat=\u00a0\u00bbrepeat\u00a0\u00bb hover_enabled=\u00a0\u00bb0&Prime; global_colors_info=\u00a0\u00bb{}\u00a0\u00bb sticky_enabled=\u00a0\u00bb0&Prime;]\n<h2>Contact<\/h2>\n<p>Ortho Reha Suisse<br \/>T\u00e4gerhardring 8<br \/>5436 W\u00fcrenlos<\/p>\n<p><a href=\"tel:+41%2044 545 55 85\">+41 44 545 55 85<\/a><br \/><a href=\"mailto:info@orthorehasuisse.ch\">info@orthorehasuisse.ch<\/a><\/p>\n<p>Site by <a href=\"https:\/\/www.fuerschi.com\/\" target=\"_blank\" rel=\"noopener\">f\u00fcrschi GmbH<\/a> &amp; <a href=\"https:\/\/kmu-performer.ch\/\" target=\"_blank\" rel=\"noopener\">KMU Performer AG<\/a><\/p>\n<h2>Clause de non-responsabilit\u00e9<\/h2>\n<p>ORS n&rsquo;assume aucune responsabilit\u00e9 quant \u00e0 l&rsquo;exactitude, la pr\u00e9cision, l&rsquo;actualit\u00e9, la fiabilit\u00e9 et l&rsquo;exhaustivit\u00e9 des informations.<\/p>\n<p>Les recours en responsabilit\u00e9 contre ORS pour des dommages mat\u00e9riels ou immat\u00e9riels r\u00e9sultant de l&rsquo;acc\u00e8s, de l&rsquo;utilisation ou de la non-utilisation des informations publi\u00e9es, d&rsquo;une mauvaise utilisation de la connexion ou de d\u00e9fauts techniques sont exclus.<\/p>\n<p>Toutes les offres sont sans engagement. ORS se r\u00e9serve express\u00e9ment le droit de modifier, de compl\u00e9ter ou de supprimer des parties de pages ou l&rsquo;ensemble de l&rsquo;offre ou d&rsquo;arr\u00eater temporairement ou d\u00e9finitivement la publication sans pr\u00e9avis.<\/p>\n<h2>Responsabilit\u00e9 pour les liens<\/h2>\n<p>Les r\u00e9f\u00e9rences et les liens vers des sites Web tiers ne rel\u00e8vent pas de notre domaine de responsabilit\u00e9.Toute responsabilit\u00e9 pour ces sites Web est rejet\u00e9e. L&rsquo;acc\u00e8s et l&rsquo;utilisation de ces sites Web se font aux risques et p\u00e9rils de l&rsquo;utilisateur.<\/p>\n<h2>Droits d&rsquo;auteur<\/h2>\n<p>Le droit d&rsquo;auteur et tous les autres droits sur le contenu, les images, les photos ou d&rsquo;autres fichiers sur le site Web appartiennent exclusivement \u00e0 Ortho Reha Suisse ou aux titulaires de droits sp\u00e9cifiquement nomm\u00e9s. L&rsquo;autorisation \u00e9crite des d\u00e9tenteurs des droits d&rsquo;auteur doit \u00eatre obtenue au pr\u00e9alable pour la reproduction de tout \u00e9l\u00e9ment.<\/p>\n[\/et_pb_text][\/et_pb_column][\/et_pb_row][\/et_pb_section]\n","protected":false},"excerpt":{"rendered":"<p>Contact Ortho Reha SuisseT\u00e4gerhardring 85436 W\u00fcrenlos +41 44 545 55 85info@orthorehasuisse.ch Site by f\u00fcrschi GmbH &amp; KMU Performer AG Clause de non-responsabilit\u00e9 ORS n&rsquo;assume aucune responsabilit\u00e9 quant \u00e0 l&rsquo;exactitude, la pr\u00e9cision, l&rsquo;actualit\u00e9, la fiabilit\u00e9 et l&rsquo;exhaustivit\u00e9 des informations. Les recours en responsabilit\u00e9 contre ORS pour des dommages mat\u00e9riels ou immat\u00e9riels r\u00e9sultant de l&rsquo;acc\u00e8s, de l&rsquo;utilisation [&hellip;]<\/p>\n","protected":false},"author":491,"featured_media":0,"parent":0,"menu_order":0,"comment_status":"closed","ping_status":"closed","template":"","meta":{"_acf_changed":false,"_et_pb_use_builder":"on","_et_pb_old_content":"[cws-row cols=1 id=\"cols1\"][col span=12][cws-widget type=text title=\"\"]<ol>\r\n<li>\r\n<h3 style=\"text-align: left;\"><strong>Haftungsausschluss<\/strong><\/h3>\r\n<\/li>\r\n<\/ol>\r\n<p>ORS \u00fcbernimmt keinerlei Gew\u00e4hr hinsichtlich der\u00a0 inhaltlichen Richtigkeit, Genauigkeit, Aktualit\u00e4t, Zuverl\u00e4ssigkeit und Vollst\u00e4ndigkeit der Informationen.<\/p>\r\n<p>Haftungsanspr\u00fcche gegen ORS wegen Sch\u00e4den materieller oder immaterieller Art, welche aus dem Zugriff oder der Nutzung bzw. Nichtnutzung der ver\u00f6ffentlichten Informationen, durch Missbrauch der Verbindung oder durch technische St\u00f6rungen entstanden sind, werden ausgeschlossen.<\/p>\r\n<p>Alle Angebote sind unverbindlich. ORS beh\u00e4lt es sich ausdr\u00fccklich vor, Teile der Seiten oder das gesamte Angebot ohne gesonderte Ank\u00fcndigung zu ver\u00e4ndern, zu erg\u00e4nzen, zu l\u00f6schen oder die Ver\u00f6ffentlichung zeitweise oder endg\u00fcltig einzustellen.<\/p>\r\n<p>\u00a0<\/p>\r\n<p><strong>Haftung f\u00fcr Links<\/strong><\/p>\r\n<p>Verweise und Links auf Webseiten\u00a0 Dritter liegen ausserhalb unseres Verantwortungsbereichs Es wird jegliche Verantwortung f\u00fcr solche Webseiten abgelehnt. Der Zugriff und die Nutzung solcher Webseiten erfolgen auf eigene Gefahr des Nutzers oder der Nutzerin.<\/p>\r\n<p>\u00a0<\/p>\r\n<ol start=\"2\">\r\n<li>\r\n<h3><strong>Urheberrechte<\/strong><\/h3>\r\n<\/li>\r\n<\/ol>\r\n<p>Die Urheber- und alle anderen Rechte an Inhalten, Bildern, Fotos oder anderen Dateien auf der Website geh\u00f6ren ausschliesslich Ortho Reha Suisse oder den speziell genannten\u00a0 Rechtsinhabern. F\u00fcr die Reproduktion jeglicher Elemente ist die schriftliche Zustimmung der Urheberrechtstr\u00e4ger im Voraus einzuholen.<\/p>\r\n<p>\u00a0<\/p>\r\n<ol start=\"3\">\r\n<li>\r\n<h3><strong>Datenschutz<\/strong><\/h3>\r\n<\/li>\r\n<\/ol>\r\n<p>Gest\u00fctzt auf Artikel 13 der schweizerischen Bundesverfassung\u00a0 und die datenschutzrechtlichen Bestimmungen des Bundes (Datenschutzgesetz, DSG) hat jede Person Anspruch auf Schutz ihrer Privatsph\u00e4re sowie auf Schutz vor\u00a0 Missbrauch ihrer pers\u00f6nlichen Daten. Wir halten diese Bestimmungen ein. Pers\u00f6nliche Daten werden streng vertraulich behandelt und weder an Dritte verkauft noch weiter gegeben.<\/p>\r\n<p>In enger Zusammenarbeit mit unseren Hosting-Providern bem\u00fchen wir uns, die Datenbanken so gut wie m\u00f6glich vor fremden Zugriffen, Verlusten, Missbrauch oder vor F\u00e4lschung zu sch\u00fctzen.<\/p>\r\n<p>Beim Zugriff auf unsere Webseiten werden folgende Daten in Logfiles gespeichert: IP-Adresse, Datum, Uhrzeit, Browser-Anfrage und allg. \u00fcbertragene Informationen zum Betriebssystem resp. Browser. Diese Nutzungsdaten bilden die Basis f\u00fcr statistische, anonyme Auswertungen, so dass Trends erkennbar sind, anhand derer wir unsere Angebote entsprechend verbessern k\u00f6nnen.<\/p>\r\n<p>\u00a0<\/p>[\/cws-widget][\/col][\/cws-row]","_et_gb_content_width":"","footnotes":""},"dipi_cpt_category":[],"simple-restrict-permission":[],"class_list":["post-5278","page","type-page","status-publish","hentry"],"acf":[],"yoast_head":"<!-- This site is optimized with the Yoast SEO plugin v25.6 - https:\/\/yoast.com\/wordpress\/plugins\/seo\/ -->\n<title>Mentions l\u00e9gales - Ortho Reha Schweiz Verband - ORS<\/title>\n<meta name=\"robots\" content=\"index, follow, max-snippet:-1, max-image-preview:large, max-video-preview:-1\" \/>\n<link rel=\"canonical\" href=\"https:\/\/orthorehasuisse.ch\/fr\/mentions-legales\/\" \/>\n<meta property=\"og:locale\" content=\"fr_FR\" \/>\n<meta property=\"og:type\" content=\"article\" \/>\n<meta property=\"og:title\" content=\"Mentions l\u00e9gales - Ortho Reha Schweiz Verband - ORS\" \/>\n<meta property=\"og:description\" content=\"Contact Ortho Reha SuisseT\u00e4gerhardring 85436 W\u00fcrenlos +41 44 545 55 85info@orthorehasuisse.ch Site by f\u00fcrschi GmbH &amp; KMU Performer AG Clause de non-responsabilit\u00e9 ORS n&#039;assume aucune responsabilit\u00e9 quant \u00e0 l&#039;exactitude, la pr\u00e9cision, l&#039;actualit\u00e9, la fiabilit\u00e9 et l&#039;exhaustivit\u00e9 des informations. Les recours en responsabilit\u00e9 contre ORS pour des dommages mat\u00e9riels ou immat\u00e9riels r\u00e9sultant de l&#039;acc\u00e8s, de l&#039;utilisation [&hellip;]\" \/>\n<meta property=\"og:site_name\" content=\"Ortho Reha Schweiz Verband - ORS\" \/>\n<meta property=\"article:modified_time\" content=\"2023-08-17T07:14:36+00:00\" \/>\n<meta name=\"twitter:card\" content=\"summary_large_image\" \/>\n<meta name=\"twitter:label1\" content=\"Dur\u00e9e de lecture estim\u00e9e\" \/>\n\t<meta name=\"twitter:data1\" content=\"2 minutes\" \/>\n<script type=\"application\/ld+json\" class=\"yoast-schema-graph\">{\"@context\":\"https:\/\/schema.org\",\"@graph\":[{\"@type\":\"WebPage\",\"@id\":\"https:\/\/orthorehasuisse.ch\/fr\/mentions-legales\/\",\"url\":\"https:\/\/orthorehasuisse.ch\/fr\/mentions-legales\/\",\"name\":\"Mentions l\u00e9gales - Ortho Reha Schweiz Verband - ORS\",\"isPartOf\":{\"@id\":\"https:\/\/orthorehasuisse.ch\/#website\"},\"datePublished\":\"2017-02-16T10:25:33+00:00\",\"dateModified\":\"2023-08-17T07:14:36+00:00\",\"breadcrumb\":{\"@id\":\"https:\/\/orthorehasuisse.ch\/fr\/mentions-legales\/#breadcrumb\"},\"inLanguage\":\"fr-FR\",\"potentialAction\":[{\"@type\":\"ReadAction\",\"target\":[\"https:\/\/orthorehasuisse.ch\/fr\/mentions-legales\/\"]}]},{\"@type\":\"BreadcrumbList\",\"@id\":\"https:\/\/orthorehasuisse.ch\/fr\/mentions-legales\/#breadcrumb\",\"itemListElement\":[{\"@type\":\"ListItem\",\"position\":1,\"name\":\"Startseite\",\"item\":\"https:\/\/orthorehasuisse.ch\/fr\/home\/\"},{\"@type\":\"ListItem\",\"position\":2,\"name\":\"Mentions l\u00e9gales\"}]},{\"@type\":\"WebSite\",\"@id\":\"https:\/\/orthorehasuisse.ch\/#website\",\"url\":\"https:\/\/orthorehasuisse.ch\/\",\"name\":\"Ortho Reha Schweiz Verband - ORS\",\"description\":\"Ortho Reha Suisse\",\"potentialAction\":[{\"@type\":\"SearchAction\",\"target\":{\"@type\":\"EntryPoint\",\"urlTemplate\":\"https:\/\/orthorehasuisse.ch\/?s={search_term_string}\"},\"query-input\":{\"@type\":\"PropertyValueSpecification\",\"valueRequired\":true,\"valueName\":\"search_term_string\"}}],\"inLanguage\":\"fr-FR\"}]}<\/script>\n<!-- \/ Yoast SEO plugin. -->","yoast_head_json":{"title":"Mentions l\u00e9gales - Ortho Reha Schweiz Verband - ORS","robots":{"index":"index","follow":"follow","max-snippet":"max-snippet:-1","max-image-preview":"max-image-preview:large","max-video-preview":"max-video-preview:-1"},"canonical":"https:\/\/orthorehasuisse.ch\/fr\/mentions-legales\/","og_locale":"fr_FR","og_type":"article","og_title":"Mentions l\u00e9gales - Ortho Reha Schweiz Verband - ORS","og_description":"Contact Ortho Reha SuisseT\u00e4gerhardring 85436 W\u00fcrenlos +41 44 545 55 85info@orthorehasuisse.ch Site by f\u00fcrschi GmbH &amp; KMU Performer AG Clause de non-responsabilit\u00e9 ORS n'assume aucune responsabilit\u00e9 quant \u00e0 l'exactitude, la pr\u00e9cision, l'actualit\u00e9, la fiabilit\u00e9 et l'exhaustivit\u00e9 des informations. Les recours en responsabilit\u00e9 contre ORS pour des dommages mat\u00e9riels ou immat\u00e9riels r\u00e9sultant de l'acc\u00e8s, de l'utilisation [&hellip;]","og_site_name":"Ortho Reha Schweiz Verband - ORS","article_modified_time":"2023-08-17T07:14:36+00:00","twitter_card":"summary_large_image","twitter_misc":{"Dur\u00e9e de lecture estim\u00e9e":"2 minutes"},"schema":{"@context":"https:\/\/schema.org","@graph":[{"@type":"WebPage","@id":"https:\/\/orthorehasuisse.ch\/fr\/mentions-legales\/","url":"https:\/\/orthorehasuisse.ch\/fr\/mentions-legales\/","name":"Mentions l\u00e9gales - Ortho Reha Schweiz Verband - ORS","isPartOf":{"@id":"https:\/\/orthorehasuisse.ch\/#website"},"datePublished":"2017-02-16T10:25:33+00:00","dateModified":"2023-08-17T07:14:36+00:00","breadcrumb":{"@id":"https:\/\/orthorehasuisse.ch\/fr\/mentions-legales\/#breadcrumb"},"inLanguage":"fr-FR","potentialAction":[{"@type":"ReadAction","target":["https:\/\/orthorehasuisse.ch\/fr\/mentions-legales\/"]}]},{"@type":"BreadcrumbList","@id":"https:\/\/orthorehasuisse.ch\/fr\/mentions-legales\/#breadcrumb","itemListElement":[{"@type":"ListItem","position":1,"name":"Startseite","item":"https:\/\/orthorehasuisse.ch\/fr\/home\/"},{"@type":"ListItem","position":2,"name":"Mentions l\u00e9gales"}]},{"@type":"WebSite","@id":"https:\/\/orthorehasuisse.ch\/#website","url":"https:\/\/orthorehasuisse.ch\/","name":"Ortho Reha Schweiz Verband - ORS","description":"Ortho Reha Suisse","potentialAction":[{"@type":"SearchAction","target":{"@type":"EntryPoint","urlTemplate":"https:\/\/orthorehasuisse.ch\/?s={search_term_string}"},"query-input":{"@type":"PropertyValueSpecification","valueRequired":true,"valueName":"search_term_string"}}],"inLanguage":"fr-FR"}]}},"_links":{"self":[{"href":"https:\/\/orthorehasuisse.ch\/fr\/wp-json\/wp\/v2\/pages\/5278","targetHints":{"allow":["GET"]}}],"collection":[{"href":"https:\/\/orthorehasuisse.ch\/fr\/wp-json\/wp\/v2\/pages"}],"about":[{"href":"https:\/\/orthorehasuisse.ch\/fr\/wp-json\/wp\/v2\/types\/page"}],"author":[{"embeddable":true,"href":"https:\/\/orthorehasuisse.ch\/fr\/wp-json\/wp\/v2\/users\/491"}],"replies":[{"embeddable":true,"href":"https:\/\/orthorehasuisse.ch\/fr\/wp-json\/wp\/v2\/comments?post=5278"}],"version-history":[{"count":8,"href":"https:\/\/orthorehasuisse.ch\/fr\/wp-json\/wp\/v2\/pages\/5278\/revisions"}],"predecessor-version":[{"id":14176,"href":"https:\/\/orthorehasuisse.ch\/fr\/wp-json\/wp\/v2\/pages\/5278\/revisions\/14176"}],"wp:attachment":[{"href":"https:\/\/orthorehasuisse.ch\/fr\/wp-json\/wp\/v2\/media?parent=5278"}],"wp:term":[{"taxonomy":"dipi_cpt_category","embeddable":true,"href":"https:\/\/orthorehasuisse.ch\/fr\/wp-json\/wp\/v2\/dipi_cpt_category?post=5278"},{"taxonomy":"simple-restrict-permission","embeddable":true,"href":"https:\/\/orthorehasuisse.ch\/fr\/wp-json\/wp\/v2\/simple-restrict-permission?post=5278"}],"curies":[{"name":"wp","href":"https:\/\/api.w.org\/{rel}","templated":true}]}}