{"id":13944,"date":"2023-07-27T13:16:05","date_gmt":"2023-07-27T12:16:05","guid":{"rendered":"https:\/\/orthorehasuisse.ch\/grundversorger\/"},"modified":"2023-10-29T20:18:36","modified_gmt":"2023-10-29T19:18:36","slug":"mitglieder","status":"publish","type":"page","link":"https:\/\/orthorehasuisse.ch\/fr\/mitglieder\/","title":{"rendered":"Prestataires de base"},"content":{"rendered":"[et_pb_section fb_built=\u00a0\u00bb1&Prime; custom_padding_last_edited=\u00a0\u00bbon|phone\u00a0\u00bb _builder_version=\u00a0\u00bb4.21.0&Prime; _module_preset=\u00a0\u00bbdefault\u00a0\u00bb use_background_color_gradient=\u00a0\u00bbon\u00a0\u00bb background_color_gradient_direction=\u00a0\u00bb90deg\u00a0\u00bb background_color_gradient_stops=\u00a0\u00bbrgba(216,216,216,0.75) 0%|rgba(41,196,169,0) 100%\u00a0\u00bb background_color_gradient_overlays_image=\u00a0\u00bbon\u00a0\u00bb background_image=\u00a0\u00bbhttps:\/\/orthorehasuisse.ch\/wp-content\/uploads\/2023\/07\/4.jpg\u00a0\u00bb background_position=\u00a0\u00bbbottom_center\u00a0\u00bb custom_padding=\u00a0\u00bb12vh||12vh||true|false\u00a0\u00bb custom_padding_tablet=\u00a0\u00bb150px||150px||true|false\u00a0\u00bb custom_padding_phone=\u00a0\u00bb100px||100px||true|false\u00a0\u00bb locked=\u00a0\u00bboff\u00a0\u00bb global_colors_info=\u00a0\u00bb{}\u00a0\u00bb][et_pb_row use_custom_gutter=\u00a0\u00bbon\u00a0\u00bb gutter_width=\u00a0\u00bb2&Prime; make_equal=\u00a0\u00bbon\u00a0\u00bb _builder_version=\u00a0\u00bb4.20.2&Prime; _module_preset=\u00a0\u00bbf4cf7bb6-e7dc-4aa2-b92b-da48402eecb0&Prime; custom_padding=\u00a0\u00bb0px||0px||true|false\u00a0\u00bb animation_direction=\u00a0\u00bbtop\u00a0\u00bb global_colors_info=\u00a0\u00bb{}\u00a0\u00bb][et_pb_column type=\u00a0\u00bb4_4&Prime; _builder_version=\u00a0\u00bb4.20.2&Prime; _module_preset=\u00a0\u00bbdefault\u00a0\u00bb global_colors_info=\u00a0\u00bb{}\u00a0\u00bb][et_pb_text _builder_version=\u00a0\u00bb4.22.1&Prime; _module_preset=\u00a0\u00bbdefault\u00a0\u00bb header_font_size=\u00a0\u00bb80px\u00a0\u00bb animation_style=\u00a0\u00bbslide\u00a0\u00bb animation_direction=\u00a0\u00bbleft\u00a0\u00bb hover_enabled=\u00a0\u00bb0&Prime; header_font_size_tablet=\u00a0\u00bb60px\u00a0\u00bb header_font_size_phone=\u00a0\u00bb45px\u00a0\u00bb header_font_size_last_edited=\u00a0\u00bbon|phone\u00a0\u00bb text_text_shadow_style=\u00a0\u00bbpreset3&Prime; text_text_shadow_blur_strength=\u00a0\u00bb2em\u00a0\u00bb global_colors_info=\u00a0\u00bb{}\u00a0\u00bb sticky_enabled=\u00a0\u00bb0&Prime;]\n<div class=\"grid-row clearfix\">\n<div class=\"grid-col grid-col-12\">\n<section class=\"cws-widget\">\n<section class=\"cws_widget_content\">\n<h1>Prestataires de base<\/h1>\n<\/section>\n<\/section>\n<\/div>\n<\/div>\n<div class=\"grid-row clearfix\">\n<div class=\"grid-col grid-col-12\">\u00a0<\/div>\n<\/div>\n[\/et_pb_text][\/et_pb_column][\/et_pb_row][\/et_pb_section][et_pb_section fb_built=\u00a0\u00bb1&Prime; custom_padding_last_edited=\u00a0\u00bbon|phone\u00a0\u00bb _builder_version=\u00a0\u00bb4.21.0&Prime; _module_preset=\u00a0\u00bbdefault\u00a0\u00bb background_color=\u00a0\u00bb#00ABA5&Prime; custom_margin=\u00a0\u00bb||||false|false\u00a0\u00bb custom_padding=\u00a0\u00bb27px||99px||false|false\u00a0\u00bb custom_padding_tablet=\u00a0\u00bb27px||99px||false|false\u00a0\u00bb custom_padding_phone=\u00a0\u00bb0px||||false|false\u00a0\u00bb locked=\u00a0\u00bboff\u00a0\u00bb global_colors_info=\u00a0\u00bb{}\u00a0\u00bb][et_pb_row column_structure=\u00a0\u00bb2_3,1_3&Prime; use_custom_gutter=\u00a0\u00bbon\u00a0\u00bb gutter_width=\u00a0\u00bb2&Prime; make_equal=\u00a0\u00bbon\u00a0\u00bb disabled_on=\u00a0\u00bbon|on|off\u00a0\u00bb _builder_version=\u00a0\u00bb4.21.0&Prime; _module_preset=\u00a0\u00bbf4cf7bb6-e7dc-4aa2-b92b-da48402eecb0&Prime; custom_margin=\u00a0\u00bb-150px||||false|false\u00a0\u00bb custom_margin_tablet=\u00a0\u00bb-102px||||false|false\u00a0\u00bb custom_margin_phone=\u00a0\u00bb-80px||||false|false\u00a0\u00bb custom_margin_last_edited=\u00a0\u00bbon|phone\u00a0\u00bb custom_padding=\u00a0\u00bb0px||0px||true|false\u00a0\u00bb global_colors_info=\u00a0\u00bb{}\u00a0\u00bb][et_pb_column type=\u00a0\u00bb2_3&Prime; _builder_version=\u00a0\u00bb4.16&Prime; _module_preset=\u00a0\u00bbdefault\u00a0\u00bb global_colors_info=\u00a0\u00bb{}\u00a0\u00bb][\/et_pb_column][et_pb_column type=\u00a0\u00bb1_3&Prime; _builder_version=\u00a0\u00bb4.16&Prime; _module_preset=\u00a0\u00bbdefault\u00a0\u00bb global_colors_info=\u00a0\u00bb{}\u00a0\u00bb][et_pb_icon font_icon=\u00a0\u00bb&#xf193;||fa||900&Prime; icon_color=\u00a0\u00bb#00ABA5&Prime; _builder_version=\u00a0\u00bb4.21.0&Prime; _module_preset=\u00a0\u00bbdefault\u00a0\u00bb background_color=\u00a0\u00bb#FFFFFF\u00a0\u00bb custom_padding=\u00a0\u00bb50px|50px|50px|50px|true|true\u00a0\u00bb animation_style=\u00a0\u00bbslide\u00a0\u00bb animation_direction=\u00a0\u00bbright\u00a0\u00bb border_radii=\u00a0\u00bbon|30px|30px|30px|30px\u00a0\u00bb global_colors_info=\u00a0\u00bb{}\u00a0\u00bb][\/et_pb_icon][\/et_pb_column][\/et_pb_row][et_pb_row use_custom_gutter=\u00a0\u00bbon\u00a0\u00bb gutter_width=\u00a0\u00bb2&Prime; make_equal=\u00a0\u00bbon\u00a0\u00bb _builder_version=\u00a0\u00bb4.21.0&Prime; _module_preset=\u00a0\u00bbf4cf7bb6-e7dc-4aa2-b92b-da48402eecb0&Prime; custom_margin=\u00a0\u00bb||||false|false\u00a0\u00bb custom_padding=\u00a0\u00bb||0px||false|false\u00a0\u00bb global_colors_info=\u00a0\u00bb{}\u00a0\u00bb][et_pb_column type=\u00a0\u00bb4_4&Prime; _builder_version=\u00a0\u00bb4.16&Prime; _module_preset=\u00a0\u00bbdefault\u00a0\u00bb custom_padding_tablet=\u00a0\u00bb\u00a0\u00bb custom_padding_phone=\u00a0\u00bb50px||0px||false|false\u00a0\u00bb custom_padding_last_edited=\u00a0\u00bbon|phone\u00a0\u00bb animation_style=\u00a0\u00bbfade\u00a0\u00bb animation_delay=\u00a0\u00bb500ms\u00a0\u00bb animation_speed_curve=\u00a0\u00bbease\u00a0\u00bb global_colors_info=\u00a0\u00bb{}\u00a0\u00bb][et_pb_text _builder_version=\u00a0\u00bb4.22.1&Prime; _module_preset=\u00a0\u00bbdefault\u00a0\u00bb background_layout=\u00a0\u00bbdark\u00a0\u00bb max_width_tablet=\u00a0\u00bb100%\u00a0\u00bb max_width_last_edited=\u00a0\u00bboff|desktop\u00a0\u00bb module_alignment=\u00a0\u00bbleft\u00a0\u00bb hover_enabled=\u00a0\u00bb0&Prime; global_colors_info=\u00a0\u00bb{}\u00a0\u00bb sticky_enabled=\u00a0\u00bb0&Prime;]\n<p>Un prestataire de base dans le domaine m\u00e9dical est un membre du syst\u00e8me de sant\u00e9 qui y joue un r\u00f4le important. Les orthop\u00e9distes en font partie. Ces derniers sont des sp\u00e9cialistes dans le domaine de l\u2019orthop\u00e9die technique. Leur t\u00e2che principale consiste en la fabrication, l\u2019adaptation et la r\u00e9paration de moyens auxiliaires orthop\u00e9diques adapt\u00e9s aux besoins individuels. Les orthop\u00e9distes travaillent en collaboration \u00e9troite avec les m\u00e9decins, physioth\u00e9rapeutes et patients afin d\u2019am\u00e9liorer la mobilit\u00e9, le fonctionnement et la qualit\u00e9 de vie des personnes souffrant de handicaps physiques.<\/p>\n[\/et_pb_text][\/et_pb_column][\/et_pb_row][\/et_pb_section]\n","protected":false},"excerpt":{"rendered":"<p>Prestataires de base \u00a0 Un prestataire de base dans le domaine m\u00e9dical est un membre du syst\u00e8me de sant\u00e9 qui y joue un r\u00f4le important. Les orthop\u00e9distes en font partie. Ces derniers sont des sp\u00e9cialistes dans le domaine de l\u2019orthop\u00e9die technique. Leur t\u00e2che principale consiste en la fabrication, l\u2019adaptation et la r\u00e9paration de moyens auxiliaires [&hellip;]<\/p>\n","protected":false},"author":1909,"featured_media":0,"parent":0,"menu_order":0,"comment_status":"closed","ping_status":"closed","template":"","meta":{"_acf_changed":false,"_et_pb_use_builder":"on","_et_pb_old_content":"","_et_gb_content_width":"","footnotes":""},"dipi_cpt_category":[],"simple-restrict-permission":[],"class_list":["post-13944","page","type-page","status-publish","hentry"],"acf":[],"yoast_head":"<!-- This site is optimized with the Yoast SEO plugin v25.6 - https:\/\/yoast.com\/wordpress\/plugins\/seo\/ -->\n<title>Prestataires de base - Ortho Reha Schweiz Verband - ORS<\/title>\n<meta name=\"robots\" content=\"index, follow, max-snippet:-1, max-image-preview:large, max-video-preview:-1\" \/>\n<link rel=\"canonical\" href=\"https:\/\/orthorehasuisse.ch\/fr\/mitglieder\/\" \/>\n<meta property=\"og:locale\" content=\"fr_FR\" \/>\n<meta property=\"og:type\" content=\"article\" \/>\n<meta property=\"og:title\" content=\"Prestataires de base - Ortho Reha Schweiz Verband - ORS\" \/>\n<meta property=\"og:description\" content=\"Prestataires de base \u00a0 Un prestataire de base dans le domaine m\u00e9dical est un membre du syst\u00e8me de sant\u00e9 qui y joue un r\u00f4le important. Les orthop\u00e9distes en font partie. Ces derniers sont des sp\u00e9cialistes dans le domaine de l\u2019orthop\u00e9die technique. Leur t\u00e2che principale consiste en la fabrication, l\u2019adaptation et la r\u00e9paration de moyens auxiliaires [&hellip;]\" \/>\n<meta property=\"og:site_name\" content=\"Ortho Reha Schweiz Verband - ORS\" \/>\n<meta property=\"article:modified_time\" content=\"2023-10-29T19:18:36+00:00\" \/>\n<meta name=\"twitter:card\" content=\"summary_large_image\" \/>\n<meta name=\"twitter:label1\" content=\"Dur\u00e9e de lecture estim\u00e9e\" \/>\n\t<meta name=\"twitter:data1\" content=\"2 minutes\" \/>\n<script type=\"application\/ld+json\" class=\"yoast-schema-graph\">{\"@context\":\"https:\/\/schema.org\",\"@graph\":[{\"@type\":\"WebPage\",\"@id\":\"https:\/\/orthorehasuisse.ch\/fr\/mitglieder\/\",\"url\":\"https:\/\/orthorehasuisse.ch\/fr\/mitglieder\/\",\"name\":\"Prestataires de base - Ortho Reha Schweiz Verband - ORS\",\"isPartOf\":{\"@id\":\"https:\/\/orthorehasuisse.ch\/#website\"},\"datePublished\":\"2023-07-27T12:16:05+00:00\",\"dateModified\":\"2023-10-29T19:18:36+00:00\",\"breadcrumb\":{\"@id\":\"https:\/\/orthorehasuisse.ch\/fr\/mitglieder\/#breadcrumb\"},\"inLanguage\":\"fr-FR\",\"potentialAction\":[{\"@type\":\"ReadAction\",\"target\":[\"https:\/\/orthorehasuisse.ch\/fr\/mitglieder\/\"]}]},{\"@type\":\"BreadcrumbList\",\"@id\":\"https:\/\/orthorehasuisse.ch\/fr\/mitglieder\/#breadcrumb\",\"itemListElement\":[{\"@type\":\"ListItem\",\"position\":1,\"name\":\"Startseite\",\"item\":\"https:\/\/orthorehasuisse.ch\/fr\/home\/\"},{\"@type\":\"ListItem\",\"position\":2,\"name\":\"Prestataires de base\"}]},{\"@type\":\"WebSite\",\"@id\":\"https:\/\/orthorehasuisse.ch\/#website\",\"url\":\"https:\/\/orthorehasuisse.ch\/\",\"name\":\"Ortho Reha Schweiz Verband - ORS\",\"description\":\"Ortho Reha Suisse\",\"potentialAction\":[{\"@type\":\"SearchAction\",\"target\":{\"@type\":\"EntryPoint\",\"urlTemplate\":\"https:\/\/orthorehasuisse.ch\/?s={search_term_string}\"},\"query-input\":{\"@type\":\"PropertyValueSpecification\",\"valueRequired\":true,\"valueName\":\"search_term_string\"}}],\"inLanguage\":\"fr-FR\"}]}<\/script>\n<!-- \/ Yoast SEO plugin. -->","yoast_head_json":{"title":"Prestataires de base - Ortho Reha Schweiz Verband - ORS","robots":{"index":"index","follow":"follow","max-snippet":"max-snippet:-1","max-image-preview":"max-image-preview:large","max-video-preview":"max-video-preview:-1"},"canonical":"https:\/\/orthorehasuisse.ch\/fr\/mitglieder\/","og_locale":"fr_FR","og_type":"article","og_title":"Prestataires de base - Ortho Reha Schweiz Verband - ORS","og_description":"Prestataires de base \u00a0 Un prestataire de base dans le domaine m\u00e9dical est un membre du syst\u00e8me de sant\u00e9 qui y joue un r\u00f4le important. Les orthop\u00e9distes en font partie. Ces derniers sont des sp\u00e9cialistes dans le domaine de l\u2019orthop\u00e9die technique. Leur t\u00e2che principale consiste en la fabrication, l\u2019adaptation et la r\u00e9paration de moyens auxiliaires [&hellip;]","og_site_name":"Ortho Reha Schweiz Verband - ORS","article_modified_time":"2023-10-29T19:18:36+00:00","twitter_card":"summary_large_image","twitter_misc":{"Dur\u00e9e de lecture estim\u00e9e":"2 minutes"},"schema":{"@context":"https:\/\/schema.org","@graph":[{"@type":"WebPage","@id":"https:\/\/orthorehasuisse.ch\/fr\/mitglieder\/","url":"https:\/\/orthorehasuisse.ch\/fr\/mitglieder\/","name":"Prestataires de base - Ortho Reha Schweiz Verband - ORS","isPartOf":{"@id":"https:\/\/orthorehasuisse.ch\/#website"},"datePublished":"2023-07-27T12:16:05+00:00","dateModified":"2023-10-29T19:18:36+00:00","breadcrumb":{"@id":"https:\/\/orthorehasuisse.ch\/fr\/mitglieder\/#breadcrumb"},"inLanguage":"fr-FR","potentialAction":[{"@type":"ReadAction","target":["https:\/\/orthorehasuisse.ch\/fr\/mitglieder\/"]}]},{"@type":"BreadcrumbList","@id":"https:\/\/orthorehasuisse.ch\/fr\/mitglieder\/#breadcrumb","itemListElement":[{"@type":"ListItem","position":1,"name":"Startseite","item":"https:\/\/orthorehasuisse.ch\/fr\/home\/"},{"@type":"ListItem","position":2,"name":"Prestataires de base"}]},{"@type":"WebSite","@id":"https:\/\/orthorehasuisse.ch\/#website","url":"https:\/\/orthorehasuisse.ch\/","name":"Ortho Reha Schweiz Verband - ORS","description":"Ortho Reha Suisse","potentialAction":[{"@type":"SearchAction","target":{"@type":"EntryPoint","urlTemplate":"https:\/\/orthorehasuisse.ch\/?s={search_term_string}"},"query-input":{"@type":"PropertyValueSpecification","valueRequired":true,"valueName":"search_term_string"}}],"inLanguage":"fr-FR"}]}},"_links":{"self":[{"href":"https:\/\/orthorehasuisse.ch\/fr\/wp-json\/wp\/v2\/pages\/13944","targetHints":{"allow":["GET"]}}],"collection":[{"href":"https:\/\/orthorehasuisse.ch\/fr\/wp-json\/wp\/v2\/pages"}],"about":[{"href":"https:\/\/orthorehasuisse.ch\/fr\/wp-json\/wp\/v2\/types\/page"}],"author":[{"embeddable":true,"href":"https:\/\/orthorehasuisse.ch\/fr\/wp-json\/wp\/v2\/users\/1909"}],"replies":[{"embeddable":true,"href":"https:\/\/orthorehasuisse.ch\/fr\/wp-json\/wp\/v2\/comments?post=13944"}],"version-history":[{"count":6,"href":"https:\/\/orthorehasuisse.ch\/fr\/wp-json\/wp\/v2\/pages\/13944\/revisions"}],"predecessor-version":[{"id":15012,"href":"https:\/\/orthorehasuisse.ch\/fr\/wp-json\/wp\/v2\/pages\/13944\/revisions\/15012"}],"wp:attachment":[{"href":"https:\/\/orthorehasuisse.ch\/fr\/wp-json\/wp\/v2\/media?parent=13944"}],"wp:term":[{"taxonomy":"dipi_cpt_category","embeddable":true,"href":"https:\/\/orthorehasuisse.ch\/fr\/wp-json\/wp\/v2\/dipi_cpt_category?post=13944"},{"taxonomy":"simple-restrict-permission","embeddable":true,"href":"https:\/\/orthorehasuisse.ch\/fr\/wp-json\/wp\/v2\/simple-restrict-permission?post=13944"}],"curies":[{"name":"wp","href":"https:\/\/api.w.org\/{rel}","templated":true}]}}